{"id":858,"date":"2024-10-16T16:20:24","date_gmt":"2024-10-16T16:20:24","guid":{"rendered":"https:\/\/ciencias.lamolina.edu.pe\/?page_id=858"},"modified":"2025-05-23T16:30:18","modified_gmt":"2025-05-23T16:30:18","slug":"organizaciones-estudiantiles","status":"publish","type":"page","link":"https:\/\/ciencias.lamolina.edu.pe\/?page_id=858","title":{"rendered":"ORGANIZACIONES ESTUDIANTILES"},"content":{"rendered":"<p>[et_pb_section fb_built=&#8221;1&#8243; _builder_version=&#8221;4.18.1&#8243; _module_preset=&#8221;default&#8221; custom_padding=&#8221;4px|||||&#8221; locked=&#8221;off&#8221; global_colors_info=&#8221;{}&#8221;][et_pb_row use_custom_gutter=&#8221;on&#8221; _builder_version=&#8221;4.18.1&#8243; _module_preset=&#8221;default&#8221; width=&#8221;100%&#8221; max_width=&#8221;2560px&#8221; min_height=&#8221;259px&#8221; custom_padding=&#8221;0px|||||&#8221; global_colors_info=&#8221;{}&#8221;][et_pb_column type=&#8221;4_4&#8243; _builder_version=&#8221;4.18.1&#8243; _module_preset=&#8221;default&#8221; global_colors_info=&#8221;{}&#8221;][et_pb_image src=&#8221;https:\/\/ciencias.lamolina.edu.pe\/wp-content\/uploads\/2022\/11\/nos.jpg&#8221; title_text=&#8221;nos&#8221; _builder_version=&#8221;4.18.1&#8243; _module_preset=&#8221;default&#8221; global_colors_info=&#8221;{}&#8221;][\/et_pb_image][\/et_pb_column][\/et_pb_row][et_pb_row use_custom_gutter=&#8221;on&#8221; gutter_width=&#8221;1&#8243; _builder_version=&#8221;4.18.1&#8243; _module_preset=&#8221;default&#8221; width=&#8221;58%&#8221; max_width=&#8221;65%&#8221; custom_margin=&#8221;30px||13px||false|false&#8221; custom_padding=&#8221;4px||4px||false|false&#8221; locked=&#8221;off&#8221; global_colors_info=&#8221;{}&#8221;][et_pb_column type=&#8221;4_4&#8243; _builder_version=&#8221;4.18.1&#8243; _module_preset=&#8221;default&#8221; global_colors_info=&#8221;{}&#8221;][et_pb_text _builder_version=&#8221;4.19.4&#8243; _module_preset=&#8221;default&#8221; text_font=&#8221;Raleway|||on|||||&#8221; text_text_color=&#8221;#0066b1&#8243; text_font_size=&#8221;28px&#8221; text_orientation=&#8221;center&#8221; module_alignment=&#8221;center&#8221; global_colors_info=&#8221;{}&#8221;]<\/p>\n<p>ORGANIZACIONES ESTUDIANTILES<\/p>\n<p>[\/et_pb_text][et_pb_image src=&#8221;https:\/\/ciencias.lamolina.edu.pe\/wp-content\/uploads\/2022\/10\/pie1.webp&#8221; title_text=&#8221;pie1&#8243; align=&#8221;center&#8221; _builder_version=&#8221;4.18.1&#8243; _module_preset=&#8221;default&#8221; custom_margin=&#8221;2px||2px||true|false&#8221; global_colors_info=&#8221;{}&#8221;][\/et_pb_image][et_pb_image src=&#8221;https:\/\/ciencias.lamolina.edu.pe\/wp-content\/uploads\/2024\/10\/Centro-Federado-de-Ciencias-logo.jpg&#8221; align=&#8221;center&#8221; _builder_version=&#8221;4.19.4&#8243; _module_preset=&#8221;default&#8221; custom_margin=&#8221;43px|||||&#8221; global_colors_info=&#8221;{}&#8221;][\/et_pb_image][et_pb_text _builder_version=&#8221;4.19.4&#8243; _module_preset=&#8221;default&#8221; text_font=&#8221;Raleway||||||||&#8221; text_font_size=&#8221;16px&#8221; text_orientation=&#8221;justified&#8221; custom_margin=&#8221;43px||43px||true|false&#8221; global_colors_info=&#8221;{}&#8221;]<\/p>\n<h2 style=\"text-align: center;\"><strong>Centro Federado Ciencias<\/strong><\/h2>\n<p style=\"text-align: justify;\"><strong>Facebook:<\/strong> <a href=\"https:\/\/www.facebook.com\/cfciencias.unalm.oficial\" target=\"_blank\" rel=\"noopener\">https:\/\/www.facebook.com\/cfciencias.unalm.oficial<\/a><\/p>\n<p style=\"text-align: justify;\"><strong>Correo:<\/strong> <a href=\"mailto:cfc@lamolina.edu.pe\" target=\"_blank\" rel=\"noopener\">cfc@lamolina.edu.pe<\/a><\/p>\n<p style=\"text-align: justify;\"><strong>Descripci\u00f3n:<\/strong> El Centro Federado de Ciencias es una organizaci\u00f3n estudiantil conformada por los estudiantes de la Facultad de Ciencias y es el representante leg\u00edtimo de los mismos (Art\u00edculo 408 del Reglamento General de la UNALM), es aut\u00f3noma, sin fines de lucro, de car\u00e1cter gremial, c\u00edvico, pol\u00edtico, cient\u00edfica, cultural, deportivo, democr\u00e1tico, filos\u00f3fico, humanista y ecologista dedicado a la investigaci\u00f3n, innovaci\u00f3n tecnol\u00f3gica, difusi\u00f3n de la ciencia, la educaci\u00f3n ambiental, la extensi\u00f3n y proyecci\u00f3n para contribuir al proceso del desarrollo sostenible de nuestro pa\u00eds as\u00ed como el velar por los derechos y deberes de sus miembros.<\/p>\n<p>[\/et_pb_text][\/et_pb_column][\/et_pb_row][\/et_pb_section]<\/p>\n","protected":false},"excerpt":{"rendered":"<p>ORGANIZACIONES ESTUDIANTILESCentro Federado Ciencias Facebook: https:\/\/www.facebook.com\/cfciencias.unalm.oficial Correo: cfc@lamolina.edu.pe Descripci\u00f3n: El Centro Federado de Ciencias es una organizaci\u00f3n estudiantil conformada por los estudiantes de la Facultad de Ciencias y es el representante leg\u00edtimo de los mismos (Art\u00edculo 408 del Reglamento General de la UNALM), es aut\u00f3noma, sin fines de lucro, de car\u00e1cter gremial, c\u00edvico, pol\u00edtico, cient\u00edfica, [&hellip;]<\/p>\n","protected":false},"author":1,"featured_media":0,"parent":0,"menu_order":0,"comment_status":"closed","ping_status":"closed","template":"","meta":{"_et_pb_use_builder":"on","_et_pb_old_content":"","_et_gb_content_width":"","om_disable_all_campaigns":false},"_links":{"self":[{"href":"https:\/\/ciencias.lamolina.edu.pe\/index.php?rest_route=\/wp\/v2\/pages\/858"}],"collection":[{"href":"https:\/\/ciencias.lamolina.edu.pe\/index.php?rest_route=\/wp\/v2\/pages"}],"about":[{"href":"https:\/\/ciencias.lamolina.edu.pe\/index.php?rest_route=\/wp\/v2\/types\/page"}],"author":[{"embeddable":true,"href":"https:\/\/ciencias.lamolina.edu.pe\/index.php?rest_route=\/wp\/v2\/users\/1"}],"replies":[{"embeddable":true,"href":"https:\/\/ciencias.lamolina.edu.pe\/index.php?rest_route=%2Fwp%2Fv2%2Fcomments&post=858"}],"version-history":[{"count":9,"href":"https:\/\/ciencias.lamolina.edu.pe\/index.php?rest_route=\/wp\/v2\/pages\/858\/revisions"}],"predecessor-version":[{"id":972,"href":"https:\/\/ciencias.lamolina.edu.pe\/index.php?rest_route=\/wp\/v2\/pages\/858\/revisions\/972"}],"wp:attachment":[{"href":"https:\/\/ciencias.lamolina.edu.pe\/index.php?rest_route=%2Fwp%2Fv2%2Fmedia&parent=858"}],"curies":[{"name":"wp","href":"https:\/\/api.w.org\/{rel}","templated":true}]}}