{"id":714,"date":"2023-11-28T16:09:36","date_gmt":"2023-11-28T16:09:36","guid":{"rendered":"https:\/\/ciencias.lamolina.edu.pe\/?page_id=714"},"modified":"2023-11-28T16:09:44","modified_gmt":"2023-11-28T16:09:44","slug":"syllabus-departamento-de-matematica","status":"publish","type":"page","link":"https:\/\/ciencias.lamolina.edu.pe\/?page_id=714","title":{"rendered":"Syllabus  Departamento de Matem\u00e1tica"},"content":{"rendered":"<p>[et_pb_section fb_built=&#8221;1&#8243; _builder_version=&#8221;4.18.1&#8243; _module_preset=&#8221;default&#8221; custom_padding=&#8221;4px|||||&#8221; locked=&#8221;off&#8221; global_colors_info=&#8221;{}&#8221; theme_builder_area=&#8221;post_content&#8221;][et_pb_row use_custom_gutter=&#8221;on&#8221; _builder_version=&#8221;4.18.1&#8243; _module_preset=&#8221;default&#8221; width=&#8221;100%&#8221; max_width=&#8221;2560px&#8221; min_height=&#8221;259px&#8221; custom_padding=&#8221;0px|||||&#8221; global_colors_info=&#8221;{}&#8221; theme_builder_area=&#8221;post_content&#8221;][et_pb_column type=&#8221;4_4&#8243; _builder_version=&#8221;4.18.1&#8243; _module_preset=&#8221;default&#8221; global_colors_info=&#8221;{}&#8221; theme_builder_area=&#8221;post_content&#8221;][et_pb_image src=&#8221;https:\/\/ciencias.lamolina.edu.pe\/wp-content\/uploads\/2022\/11\/dpto_matematica.png&#8221; _builder_version=&#8221;4.19.1&#8243; _module_preset=&#8221;default&#8221; global_colors_info=&#8221;{}&#8221; theme_builder_area=&#8221;post_content&#8221;][\/et_pb_image][\/et_pb_column][\/et_pb_row][et_pb_row use_custom_gutter=&#8221;on&#8221; gutter_width=&#8221;1&#8243; _builder_version=&#8221;4.18.1&#8243; _module_preset=&#8221;default&#8221; width=&#8221;58%&#8221; max_width=&#8221;65%&#8221; custom_margin=&#8221;30px||13px||false|false&#8221; custom_padding=&#8221;4px||4px||false|false&#8221; locked=&#8221;off&#8221; global_colors_info=&#8221;{}&#8221; theme_builder_area=&#8221;post_content&#8221;][et_pb_column type=&#8221;4_4&#8243; _builder_version=&#8221;4.18.1&#8243; _module_preset=&#8221;default&#8221; global_colors_info=&#8221;{}&#8221; theme_builder_area=&#8221;post_content&#8221;][et_pb_text _builder_version=&#8221;4.19.4&#8243; _module_preset=&#8221;default&#8221; text_font=&#8221;Raleway|||on|||||&#8221; text_text_color=&#8221;#0066b1&#8243; text_font_size=&#8221;28px&#8221; text_orientation=&#8221;center&#8221; module_alignment=&#8221;center&#8221; hover_enabled=&#8221;0&#8243; global_colors_info=&#8221;{}&#8221; theme_builder_area=&#8221;post_content&#8221; sticky_enabled=&#8221;0&#8243;]<\/p>\n<p>SYLLABUS DE CURSOS<\/p>\n<p>[\/et_pb_text][et_pb_image src=&#8221;https:\/\/ciencias.lamolina.edu.pe\/wp-content\/uploads\/2022\/10\/pie1.webp&#8221; title_text=&#8221;pie1&#8243; align=&#8221;center&#8221; _builder_version=&#8221;4.18.1&#8243; _module_preset=&#8221;default&#8221; custom_margin=&#8221;2px||2px||true|false&#8221; global_colors_info=&#8221;{}&#8221; theme_builder_area=&#8221;post_content&#8221;][\/et_pb_image][et_pb_text _builder_version=&#8221;4.19.4&#8243; _module_preset=&#8221;default&#8221; text_font=&#8221;Raleway||||||||&#8221; text_font_size=&#8221;16px&#8221; text_orientation=&#8221;justified&#8221; custom_margin=&#8221;43px||43px||true|false&#8221; hover_enabled=&#8221;0&#8243; global_colors_info=&#8221;{}&#8221; theme_builder_area=&#8221;post_content&#8221; sticky_enabled=&#8221;0&#8243;]<\/p>\n<table width=\"0\">\n<tbody>\n<tr>\n<td width=\"88\">\n<p>C\u00f3digo<\/p>\n<\/td>\n<td width=\"268\">\n<p>Asignatura<\/p>\n<\/td>\n<\/tr>\n<tr>\n<td width=\"88\">\n<p>CC1032<\/p>\n<\/td>\n<td width=\"268\">\n<p>An\u00e1lisis Matem\u00e1tico I<\/p>\n<\/td>\n<\/tr>\n<tr>\n<td width=\"88\">\n<p>CC4036<\/p>\n<\/td>\n<td width=\"268\">\n<p>Algebra Matricial<\/p>\n<\/td>\n<\/tr>\n<tr>\n<td width=\"88\">\n<p>CC1032<\/p>\n<\/td>\n<td width=\"268\">\n<p>An\u00e1lisis Matem\u00e1tico I<\/p>\n<\/td>\n<\/tr>\n<tr>\n<td width=\"88\">\n<p>CC2073<\/p>\n<\/td>\n<td width=\"268\">\n<p>An\u00e1lisis Matem\u00e1tico II<\/p>\n<\/td>\n<\/tr>\n<tr>\n<td width=\"88\">\n<p>CC3107<\/p>\n<\/td>\n<td width=\"268\">\n<p>An\u00e1lisis Matematico III<\/p>\n<\/td>\n<\/tr>\n<tr>\n<td width=\"88\">\n<p>CC3108<\/p>\n<\/td>\n<td width=\"268\">\n<p>An\u00e1lisis Matem\u00e1tico IV<\/p>\n<\/td>\n<\/tr>\n<tr>\n<td width=\"88\">\n<p>CC3009<\/p>\n<\/td>\n<td width=\"268\">\n<p>Calculo Avanzado I<\/p>\n<\/td>\n<\/tr>\n<tr>\n<td width=\"88\">\n<p>CC3010<\/p>\n<\/td>\n<td width=\"268\">\n<p>Calculo Avanzado II<\/p>\n<\/td>\n<\/tr>\n<tr>\n<td width=\"88\">\n<p>CC2050<\/p>\n<\/td>\n<td width=\"268\">\n<p>Calculo Diferencial<\/p>\n<\/td>\n<\/tr>\n<tr>\n<td width=\"88\">\n<p>CC2051<\/p>\n<\/td>\n<td width=\"268\">\n<p>Calculo Integral<\/p>\n<\/td>\n<\/tr>\n<tr>\n<td width=\"88\">\n<p>CC2076<\/p>\n<\/td>\n<td width=\"268\">\n<p>C\u00e1lculo para Ciencias<\/p>\n<\/td>\n<\/tr>\n<tr>\n<td width=\"88\">\n<p>CC3063<\/p>\n<\/td>\n<td width=\"268\">\n<p>Calculo para Ingenier\u00eda II<\/p>\n<\/td>\n<\/tr>\n<tr>\n<td width=\"88\">\n<p>CC3111<\/p>\n<\/td>\n<td width=\"268\">\n<p>Ecuaciones Diferenciales<\/p>\n<\/td>\n<\/tr>\n<tr>\n<td width=\"88\">\n<p>CC3020<\/p>\n<\/td>\n<td width=\"268\">\n<p>Ecuaciones Diferenciales<\/p>\n<\/td>\n<\/tr>\n<tr>\n<td width=\"88\">\n<p>CC1011<\/p>\n<\/td>\n<td width=\"268\">\n<p>Geometr\u00eda Descriptiva<\/p>\n<\/td>\n<\/tr>\n<tr>\n<td width=\"88\">\n<p>CC3110<\/p>\n<\/td>\n<td width=\"268\">\n<p>Matem\u00e1tica Aplicada a la Ingenier\u00eda Ambiental I<\/p>\n<\/td>\n<\/tr>\n<tr>\n<td width=\"88\">\n<p>CC4072<\/p>\n<\/td>\n<td width=\"268\">\n<p>Matem\u00e1tica Aplicada a la Ingenier\u00eda Ambiental II<\/p>\n<\/td>\n<\/tr>\n<tr>\n<td width=\"88\">\n<p>CC3106<\/p>\n<\/td>\n<td width=\"268\">\n<p>Matem\u00e1ticas Discretas<\/p>\n<\/td>\n<\/tr>\n<tr>\n<td width=\"88\">\n<p>CC4046<\/p>\n<\/td>\n<td width=\"268\">\n<p>M\u00e9todos Num\u00e9ricos de Modelizaci\u00f3n Matem\u00e1tica<\/p>\n<\/td>\n<\/tr>\n<\/tbody>\n<\/table>\n<p>[\/et_pb_text][\/et_pb_column][\/et_pb_row][\/et_pb_section]<\/p>\n","protected":false},"excerpt":{"rendered":"<p>SYLLABUS DE CURSOS C\u00f3digo Asignatura CC1032 An\u00e1lisis Matem\u00e1tico I CC4036 Algebra Matricial CC1032 An\u00e1lisis Matem\u00e1tico I CC2073 An\u00e1lisis Matem\u00e1tico II CC3107 An\u00e1lisis Matematico III CC3108 An\u00e1lisis Matem\u00e1tico IV CC3009 Calculo Avanzado I CC3010 Calculo Avanzado II CC2050 Calculo Diferencial CC2051 Calculo Integral CC2076 C\u00e1lculo para Ciencias CC3063 Calculo para Ingenier\u00eda II CC3111 Ecuaciones Diferenciales CC3020 [&hellip;]<\/p>\n","protected":false},"author":1,"featured_media":0,"parent":0,"menu_order":0,"comment_status":"closed","ping_status":"closed","template":"","meta":{"_et_pb_use_builder":"on","_et_pb_old_content":"","_et_gb_content_width":"","om_disable_all_campaigns":false},"_links":{"self":[{"href":"https:\/\/ciencias.lamolina.edu.pe\/index.php?rest_route=\/wp\/v2\/pages\/714"}],"collection":[{"href":"https:\/\/ciencias.lamolina.edu.pe\/index.php?rest_route=\/wp\/v2\/pages"}],"about":[{"href":"https:\/\/ciencias.lamolina.edu.pe\/index.php?rest_route=\/wp\/v2\/types\/page"}],"author":[{"embeddable":true,"href":"https:\/\/ciencias.lamolina.edu.pe\/index.php?rest_route=\/wp\/v2\/users\/1"}],"replies":[{"embeddable":true,"href":"https:\/\/ciencias.lamolina.edu.pe\/index.php?rest_route=%2Fwp%2Fv2%2Fcomments&post=714"}],"version-history":[{"count":2,"href":"https:\/\/ciencias.lamolina.edu.pe\/index.php?rest_route=\/wp\/v2\/pages\/714\/revisions"}],"predecessor-version":[{"id":716,"href":"https:\/\/ciencias.lamolina.edu.pe\/index.php?rest_route=\/wp\/v2\/pages\/714\/revisions\/716"}],"wp:attachment":[{"href":"https:\/\/ciencias.lamolina.edu.pe\/index.php?rest_route=%2Fwp%2Fv2%2Fmedia&parent=714"}],"curies":[{"name":"wp","href":"https:\/\/api.w.org\/{rel}","templated":true}]}}