{"id":706,"date":"2023-11-28T15:50:57","date_gmt":"2023-11-28T15:50:57","guid":{"rendered":"https:\/\/ciencias.lamolina.edu.pe\/?page_id=706"},"modified":"2023-11-28T15:51:08","modified_gmt":"2023-11-28T15:51:08","slug":"syllabus-departamento-de-fisica-y-meteorologia","status":"publish","type":"page","link":"https:\/\/ciencias.lamolina.edu.pe\/?page_id=706","title":{"rendered":"Syllabus Departamento de F\u00edsica y Meteorolog\u00eda"},"content":{"rendered":"<p>[et_pb_section fb_built=&#8221;1&#8243; _builder_version=&#8221;4.18.1&#8243; _module_preset=&#8221;default&#8221; custom_padding=&#8221;4px|||||&#8221; locked=&#8221;off&#8221; global_colors_info=&#8221;{}&#8221; theme_builder_area=&#8221;post_content&#8221;][et_pb_row use_custom_gutter=&#8221;on&#8221; _builder_version=&#8221;4.18.1&#8243; _module_preset=&#8221;default&#8221; width=&#8221;100%&#8221; max_width=&#8221;2560px&#8221; min_height=&#8221;259px&#8221; custom_padding=&#8221;0px|||||&#8221; global_colors_info=&#8221;{}&#8221; theme_builder_area=&#8221;post_content&#8221;][et_pb_column type=&#8221;4_4&#8243; _builder_version=&#8221;4.18.1&#8243; _module_preset=&#8221;default&#8221; global_colors_info=&#8221;{}&#8221; theme_builder_area=&#8221;post_content&#8221;][et_pb_image src=&#8221;https:\/\/ciencias.lamolina.edu.pe\/wp-content\/uploads\/2022\/11\/dpto_fisica.jpg&#8221; _builder_version=&#8221;4.19.1&#8243; _module_preset=&#8221;default&#8221; global_colors_info=&#8221;{}&#8221; theme_builder_area=&#8221;post_content&#8221;][\/et_pb_image][\/et_pb_column][\/et_pb_row][et_pb_row use_custom_gutter=&#8221;on&#8221; gutter_width=&#8221;1&#8243; _builder_version=&#8221;4.18.1&#8243; _module_preset=&#8221;default&#8221; width=&#8221;58%&#8221; max_width=&#8221;65%&#8221; custom_margin=&#8221;30px||13px||false|false&#8221; custom_padding=&#8221;4px||4px||false|false&#8221; locked=&#8221;off&#8221; global_colors_info=&#8221;{}&#8221; theme_builder_area=&#8221;post_content&#8221;][et_pb_column type=&#8221;4_4&#8243; _builder_version=&#8221;4.18.1&#8243; _module_preset=&#8221;default&#8221; global_colors_info=&#8221;{}&#8221; theme_builder_area=&#8221;post_content&#8221;][et_pb_text _builder_version=&#8221;4.19.4&#8243; _module_preset=&#8221;default&#8221; text_font=&#8221;Raleway|||on|||||&#8221; text_text_color=&#8221;#0066b1&#8243; text_font_size=&#8221;28px&#8221; text_orientation=&#8221;center&#8221; module_alignment=&#8221;center&#8221; hover_enabled=&#8221;0&#8243; global_colors_info=&#8221;{}&#8221; theme_builder_area=&#8221;post_content&#8221; sticky_enabled=&#8221;0&#8243;]<\/p>\n<p>SYLLABUS DE CURSOS<\/p>\n<p>[\/et_pb_text][et_pb_image src=&#8221;https:\/\/ciencias.lamolina.edu.pe\/wp-content\/uploads\/2022\/10\/pie1.webp&#8221; title_text=&#8221;pie1&#8243; align=&#8221;center&#8221; _builder_version=&#8221;4.18.1&#8243; _module_preset=&#8221;default&#8221; custom_margin=&#8221;2px||2px||true|false&#8221; global_colors_info=&#8221;{}&#8221; theme_builder_area=&#8221;post_content&#8221;][\/et_pb_image][et_pb_text _builder_version=&#8221;4.19.4&#8243; _module_preset=&#8221;default&#8221; text_font=&#8221;Raleway||||||||&#8221; text_font_size=&#8221;16px&#8221; text_orientation=&#8221;justified&#8221; custom_margin=&#8221;43px||43px||true|false&#8221; hover_enabled=&#8221;0&#8243; global_colors_info=&#8221;{}&#8221; theme_builder_area=&#8221;post_content&#8221; sticky_enabled=&#8221;0&#8243;]<\/p>\n<table width=\"0\">\n<tbody>\n<tr>\n<td width=\"161\">\n<p>C\u00f3digo<\/p>\n<\/td>\n<td width=\"481\">\n<p>Asignatura<\/p>\n<\/td>\n<\/tr>\n<tr>\n<td width=\"161\">\n<p>CC1038<\/p>\n<\/td>\n<td width=\"481\">\n<p>Introducci\u00f3n a la Meteorolog\u00eda y Gesti\u00f3n de Riesgos Climaticos<\/p>\n<\/td>\n<\/tr>\n<tr>\n<td width=\"161\">\n<p>CC3001<\/p>\n<\/td>\n<td width=\"481\">\n<p>Agrometeorolog\u00eda<\/p>\n<\/td>\n<\/tr>\n<tr>\n<td width=\"161\">\n<p>CC3007<\/p>\n<\/td>\n<td width=\"481\">\n<p>Biof\u00edsica<\/p>\n<\/td>\n<\/tr>\n<tr>\n<td width=\"161\">\n<p>CC3062<\/p>\n<\/td>\n<td width=\"481\">\n<p>Circuitos El\u00e9ctricos<\/p>\n<\/td>\n<\/tr>\n<tr>\n<td width=\"161\">\n<p>CC3011<\/p>\n<\/td>\n<td width=\"481\">\n<p>Climatolog\u00eda<\/p>\n<\/td>\n<\/tr>\n<tr>\n<td width=\"161\">\n<p>CC3090<\/p>\n<\/td>\n<td width=\"481\">\n<p>Electr\u00f3nica Experimental<\/p>\n<\/td>\n<\/tr>\n<tr>\n<td width=\"161\">\n<p>CC3023<\/p>\n<\/td>\n<td width=\"481\">\n<p>Estad\u00edstica Climatol\u00f3gica<\/p>\n<\/td>\n<\/tr>\n<tr>\n<td width=\"161\">\n<p>CC2074<\/p>\n<\/td>\n<td width=\"481\">\n<p>Fisica Ambiental<\/p>\n<\/td>\n<\/tr>\n<tr>\n<td width=\"161\">\n<p>CC2017<\/p>\n<\/td>\n<td width=\"481\">\n<p>F\u00edsica Aplicada<\/p>\n<\/td>\n<\/tr>\n<tr>\n<td width=\"161\">\n<p>CC2018<\/p>\n<\/td>\n<td width=\"481\">\n<p>F\u00edsica de Calor y Procesos<\/p>\n<\/td>\n<\/tr>\n<tr>\n<td width=\"161\">\n<p>CC2023<\/p>\n<\/td>\n<td width=\"481\">\n<p>F\u00edsica General<\/p>\n<\/td>\n<\/tr>\n<tr>\n<td width=\"161\">\n<p>CC1030<\/p>\n<\/td>\n<td width=\"481\">\n<p>F\u00edsica General<\/p>\n<\/td>\n<\/tr>\n<tr>\n<td width=\"161\">\n<p>CC2027<\/p>\n<\/td>\n<td width=\"481\">\n<p>F\u00edsica II<\/p>\n<\/td>\n<\/tr>\n<tr>\n<td width=\"161\">\n<p>CC3025<\/p>\n<\/td>\n<td width=\"481\">\n<p>F\u00edsica III<\/p>\n<\/td>\n<\/tr>\n<tr>\n<td width=\"161\">\n<p>CC3109<\/p>\n<\/td>\n<td width=\"481\">\n<p>Geolog\u00eda y Geomorfolog\u00eda<\/p>\n<\/td>\n<\/tr>\n<tr>\n<td width=\"161\">\n<p>CC4080<\/p>\n<\/td>\n<td width=\"481\">\n<p>Geom\u00e1tica Aplicada<\/p>\n<\/td>\n<\/tr>\n<tr>\n<td width=\"161\">\n<p>CC4054<\/p>\n<\/td>\n<td width=\"481\">\n<p>Hidrometeorolog\u00eda<\/p>\n<\/td>\n<\/tr>\n<tr>\n<td width=\"161\">\n<p>CC4013<\/p>\n<\/td>\n<td width=\"481\">\n<p>Interacci\u00f3n Oc\u00e9ano Atm\u00f3sfera<\/p>\n<\/td>\n<\/tr>\n<tr>\n<td width=\"161\">\n<p>CC4070<\/p>\n<\/td>\n<td width=\"481\">\n<p>Introducci\u00f3n a la Gesti\u00f3n del Riesgo Clim\u00e1tico<\/p>\n<\/td>\n<\/tr>\n<tr>\n<td width=\"161\">\n<p>CC2037<\/p>\n<\/td>\n<td width=\"481\">\n<p>Mec\u00e1nica<\/p>\n<\/td>\n<\/tr>\n<tr>\n<td width=\"161\">\n<p>CC5013<\/p>\n<\/td>\n<td width=\"481\">\n<p>Meteorolog\u00eda Aeron\u00e1utica<\/p>\n<\/td>\n<\/tr>\n<tr>\n<td width=\"161\">\n<p>CC4016<\/p>\n<\/td>\n<td width=\"481\">\n<p>Meteorolog\u00eda Din\u00e1mica<\/p>\n<\/td>\n<\/tr>\n<tr>\n<td width=\"161\">\n<p>CC4074<\/p>\n<\/td>\n<td width=\"481\">\n<p>Meteorolog\u00eda Econ\u00f3mica, Mercadotecnia y Gesti\u00f3n<\/p>\n<\/td>\n<\/tr>\n<tr>\n<td width=\"161\">\n<p>CC3046<\/p>\n<\/td>\n<td width=\"481\">\n<p>Meteorolog\u00eda F\u00edsica<\/p>\n<\/td>\n<\/tr>\n<tr>\n<td width=\"161\">\n<p>CC3047<\/p>\n<\/td>\n<td width=\"481\">\n<p>Meteorolog\u00eda General<\/p>\n<\/td>\n<\/tr>\n<tr>\n<td width=\"161\">\n<p>CC3049<\/p>\n<\/td>\n<td width=\"481\">\n<p>Meteorolog\u00eda Sin\u00f3ptica I<\/p>\n<\/td>\n<\/tr>\n<tr>\n<td width=\"161\">\n<p>CC4073<\/p>\n<\/td>\n<td width=\"481\">\n<p>Meteorolog\u00eda Sin\u00f3ptica II<\/p>\n<\/td>\n<\/tr>\n<tr>\n<td width=\"161\">\n<p>CC4017<\/p>\n<\/td>\n<td width=\"481\">\n<p>Meteorolog\u00eda Sin\u00f3ptica II<\/p>\n<\/td>\n<\/tr>\n<tr>\n<td width=\"161\">\n<p>CC4018<\/p>\n<\/td>\n<td width=\"481\">\n<p>Meteorolog\u00eda Tropical<\/p>\n<\/td>\n<\/tr>\n<tr>\n<td width=\"161\">\n<p>CC4021<\/p>\n<\/td>\n<td width=\"481\">\n<p>Micrometeorolog\u00eda<\/p>\n<\/td>\n<\/tr>\n<tr>\n<td width=\"161\">\n<p>CC5037<\/p>\n<\/td>\n<td width=\"481\">\n<p>Observaciones Agrometeorol\u00f3gicas<\/p>\n<\/td>\n<\/tr>\n<tr>\n<td width=\"161\">\n<p>CC4083<\/p>\n<\/td>\n<td width=\"481\">\n<p>Planeamiento Territorial para la Gesti\u00f3n de Riesgos de Desastres<\/p>\n<\/td>\n<\/tr>\n<tr>\n<td width=\"161\">\n<p>CC4069<\/p>\n<\/td>\n<td width=\"481\">\n<p>Seminario en Ingenier\u00eda Meteorol\u00f3gica y Gesti\u00f3n de Riesgos Clim\u00e1ticos I<\/p>\n<\/td>\n<\/tr>\n<tr>\n<td width=\"161\">\n<p>CC4056<\/p>\n<\/td>\n<td width=\"481\">\n<p>Seminario I<\/p>\n<\/td>\n<\/tr>\n<tr>\n<td width=\"161\">\n<p>CC5044<\/p>\n<\/td>\n<td width=\"481\">\n<p>Seminario II<\/p>\n<\/td>\n<\/tr>\n<tr>\n<td width=\"161\">\n<p>CC3098<\/p>\n<\/td>\n<td width=\"481\">\n<p>Sistema de Informaci\u00f3n Geogr\u00e1fica<\/p>\n<\/td>\n<\/tr>\n<tr>\n<td width=\"161\">\n<p>CC4081<\/p>\n<\/td>\n<td width=\"481\">\n<p>Sistema de Informaci\u00f3n Geogr\u00e1fica para la Gesti\u00f3n de Riesgos<\/p>\n<\/td>\n<\/tr>\n<tr>\n<td width=\"161\">\n<p>CC3115<\/p>\n<\/td>\n<td width=\"481\">\n<p>T\u00e9cnicas de Programaci\u00f3n I<\/p>\n<\/td>\n<\/tr>\n<tr>\n<td width=\"161\">\n<p>CC4079<\/p>\n<\/td>\n<td width=\"481\">\n<p>T\u00e9cnicas de Programaci\u00f3n II<\/p>\n<\/td>\n<\/tr>\n<tr>\n<td width=\"161\">\n<p>CC5017<\/p>\n<\/td>\n<td width=\"481\">\n<p>T\u00e9cnicas de Pronostico del Tiempo<\/p>\n<\/td>\n<\/tr>\n<tr>\n<td width=\"161\">\n<p>CC4082<\/p>\n<\/td>\n<td width=\"481\">\n<p>T\u00e9cnicas Estad\u00edsticas y An\u00e1lisis de Datos Clim\u00e1ticos<\/p>\n<\/td>\n<\/tr>\n<tr>\n<td width=\"161\">\n<p>CC3056<\/p>\n<\/td>\n<td width=\"481\">\n<p>Teor\u00eda Instrumental y M\u00e9todos de Observaci\u00f3n<\/p>\n<\/td>\n<\/tr>\n<tr>\n<td width=\"161\">\n<p>CC4027<\/p>\n<\/td>\n<td width=\"481\">\n<p>Termodin\u00e1mica de la Atmosfera<\/p>\n<\/td>\n<\/tr>\n<\/tbody>\n<\/table>\n<p>&nbsp;<\/p>\n<p>[\/et_pb_text][\/et_pb_column][\/et_pb_row][\/et_pb_section]<\/p>\n","protected":false},"excerpt":{"rendered":"<p>SYLLABUS DE CURSOS C\u00f3digo Asignatura CC1038 Introducci\u00f3n a la Meteorolog\u00eda y Gesti\u00f3n de Riesgos Climaticos CC3001 Agrometeorolog\u00eda CC3007 Biof\u00edsica CC3062 Circuitos El\u00e9ctricos CC3011 Climatolog\u00eda CC3090 Electr\u00f3nica Experimental CC3023 Estad\u00edstica Climatol\u00f3gica CC2074 Fisica Ambiental CC2017 F\u00edsica Aplicada CC2018 F\u00edsica de Calor y Procesos CC2023 F\u00edsica General CC1030 F\u00edsica General CC2027 F\u00edsica II CC3025 F\u00edsica III CC3109 [&hellip;]<\/p>\n","protected":false},"author":1,"featured_media":0,"parent":0,"menu_order":0,"comment_status":"closed","ping_status":"closed","template":"","meta":{"_et_pb_use_builder":"on","_et_pb_old_content":"","_et_gb_content_width":"","om_disable_all_campaigns":false},"_links":{"self":[{"href":"https:\/\/ciencias.lamolina.edu.pe\/index.php?rest_route=\/wp\/v2\/pages\/706"}],"collection":[{"href":"https:\/\/ciencias.lamolina.edu.pe\/index.php?rest_route=\/wp\/v2\/pages"}],"about":[{"href":"https:\/\/ciencias.lamolina.edu.pe\/index.php?rest_route=\/wp\/v2\/types\/page"}],"author":[{"embeddable":true,"href":"https:\/\/ciencias.lamolina.edu.pe\/index.php?rest_route=\/wp\/v2\/users\/1"}],"replies":[{"embeddable":true,"href":"https:\/\/ciencias.lamolina.edu.pe\/index.php?rest_route=%2Fwp%2Fv2%2Fcomments&post=706"}],"version-history":[{"count":2,"href":"https:\/\/ciencias.lamolina.edu.pe\/index.php?rest_route=\/wp\/v2\/pages\/706\/revisions"}],"predecessor-version":[{"id":709,"href":"https:\/\/ciencias.lamolina.edu.pe\/index.php?rest_route=\/wp\/v2\/pages\/706\/revisions\/709"}],"wp:attachment":[{"href":"https:\/\/ciencias.lamolina.edu.pe\/index.php?rest_route=%2Fwp%2Fv2%2Fmedia&parent=706"}],"curies":[{"name":"wp","href":"https:\/\/api.w.org\/{rel}","templated":true}]}}