{"id":695,"date":"2023-11-28T15:27:50","date_gmt":"2023-11-28T15:27:50","guid":{"rendered":"https:\/\/ciencias.lamolina.edu.pe\/?page_id=695"},"modified":"2023-11-28T15:27:51","modified_gmt":"2023-11-28T15:27:51","slug":"plana-docente-departamento-de-quimica","status":"publish","type":"page","link":"https:\/\/ciencias.lamolina.edu.pe\/?page_id=695","title":{"rendered":"Plana Docente Departamento de Qu\u00edmica"},"content":{"rendered":"<p>[et_pb_section fb_built=&#8221;1&#8243; _builder_version=&#8221;4.18.1&#8243; _module_preset=&#8221;default&#8221; custom_padding=&#8221;4px|||||&#8221; locked=&#8221;off&#8221; global_colors_info=&#8221;{}&#8221; theme_builder_area=&#8221;post_content&#8221;][et_pb_row use_custom_gutter=&#8221;on&#8221; _builder_version=&#8221;4.18.1&#8243; _module_preset=&#8221;default&#8221; width=&#8221;100%&#8221; max_width=&#8221;2560px&#8221; min_height=&#8221;259px&#8221; custom_padding=&#8221;0px|||||&#8221; global_colors_info=&#8221;{}&#8221; theme_builder_area=&#8221;post_content&#8221;][et_pb_column type=&#8221;4_4&#8243; _builder_version=&#8221;4.18.1&#8243; _module_preset=&#8221;default&#8221; global_colors_info=&#8221;{}&#8221; theme_builder_area=&#8221;post_content&#8221;][et_pb_image src=&#8221;https:\/\/ciencias.lamolina.edu.pe\/wp-content\/uploads\/2022\/11\/dpto_quimica.png&#8221; _builder_version=&#8221;4.19.1&#8243; _module_preset=&#8221;default&#8221; global_colors_info=&#8221;{}&#8221; theme_builder_area=&#8221;post_content&#8221;][\/et_pb_image][\/et_pb_column][\/et_pb_row][et_pb_row use_custom_gutter=&#8221;on&#8221; gutter_width=&#8221;1&#8243; _builder_version=&#8221;4.18.1&#8243; _module_preset=&#8221;default&#8221; width=&#8221;58%&#8221; max_width=&#8221;65%&#8221; custom_margin=&#8221;30px||13px||false|false&#8221; custom_padding=&#8221;4px||4px||false|false&#8221; locked=&#8221;off&#8221; global_colors_info=&#8221;{}&#8221; theme_builder_area=&#8221;post_content&#8221;][et_pb_column type=&#8221;4_4&#8243; _builder_version=&#8221;4.18.1&#8243; _module_preset=&#8221;default&#8221; global_colors_info=&#8221;{}&#8221; theme_builder_area=&#8221;post_content&#8221;][et_pb_text _builder_version=&#8221;4.19.4&#8243; _module_preset=&#8221;default&#8221; text_font=&#8221;Raleway|||on|||||&#8221; text_text_color=&#8221;#0066b1&#8243; text_font_size=&#8221;28px&#8221; text_orientation=&#8221;center&#8221; module_alignment=&#8221;center&#8221; hover_enabled=&#8221;0&#8243; global_colors_info=&#8221;{}&#8221; theme_builder_area=&#8221;post_content&#8221; sticky_enabled=&#8221;0&#8243;]<\/p>\n<p>PLANA DOCENTE<\/p>\n<p>[\/et_pb_text][et_pb_image src=&#8221;https:\/\/ciencias.lamolina.edu.pe\/wp-content\/uploads\/2022\/10\/pie1.webp&#8221; title_text=&#8221;pie1&#8243; align=&#8221;center&#8221; _builder_version=&#8221;4.18.1&#8243; _module_preset=&#8221;default&#8221; custom_margin=&#8221;2px||2px||true|false&#8221; global_colors_info=&#8221;{}&#8221; theme_builder_area=&#8221;post_content&#8221;][\/et_pb_image][et_pb_text _builder_version=&#8221;4.19.4&#8243; _module_preset=&#8221;default&#8221; text_font=&#8221;Raleway||||||||&#8221; text_font_size=&#8221;16px&#8221; text_orientation=&#8221;justified&#8221; custom_margin=&#8221;43px||43px||true|false&#8221; hover_enabled=&#8221;0&#8243; global_colors_info=&#8221;{}&#8221; theme_builder_area=&#8221;post_content&#8221; sticky_enabled=&#8221;0&#8243;]<\/p>\n<p><strong>DOCENTE PRINCIPAL<\/strong><\/p>\n<ul>\n<li>Ing. Quim. -Maest. Maria Cecilia Alegr\u00eda Arnedo<\/li>\n<li>Ing. Zoot.-Mg. Sc.-Ph. D. Ada del Pilar Aliaga Rota<\/li>\n<li>Ing. Quim. -Maest.V\u00edctor Augusto Caro S\u00e1nchez Benites<\/li>\n<li>Quim.-M. Quim. Mary Flor Cesare Coral<\/li>\n<li>Bi\u00f3l.-Mg. Jorge Antonio Ch\u00e1vez P\u00e9rez<\/li>\n<li>Quim. Farm-Mg. Educ. Epifanio Te\u00f3filo Chire Murillo<\/li>\n<li>Ing. Ind. Alim.-Mg. Sc. Clara Gabina Figueroa Cornejo de Armas<\/li>\n<li>Ing. Quim.- Mg. Quim.-Ph. D. Lisveth Vilma Flores dele Pino<\/li>\n<li>Lic. Quim.-Mg.Quim. Flora Elsa Huam\u00e1n Paredes<\/li>\n<li>Quim. Farm-Maest.-Ph.D. Ana Akemi Kitazono Sugahara<\/li>\n<li>Quim. Farm-Mg. Sc. Leopoldina Cecilia Nieto Aravena<\/li>\n<li>Ing. Agr.-Mg. Sc. Juan Carlos Palma<\/li>\n<li>Quim. Farm.-Mg. Sc. Elva Maria R\u00edos R\u00edos<\/li>\n<li>Ing. Ind. Alim.-Mg. Sc.-Dr. Carmen Alicia Rodr\u00edguez Best<\/li>\n<li>Ing. Ind. Alim.-Maest. Tatiana Ang\u00e9lica Rojas Ayerve<\/li>\n<li>Ing. Quim.-Maest.-Dr. Jhonny Wilredo Valverde Flores<\/li>\n<li>Ing. Quim.-Mg. Sc.-Dr. Elvito Fabian Villegas Silva<\/li>\n<li>Quim.-Mg. Quim.-Ph. D. Lizardo Visitaci\u00f3n\u00a0 Figueroa<\/li>\n<\/ul>\n<p>&nbsp;<\/p>\n<p><strong>DOCENTE\u00a0 ASOCIADO<\/strong><\/p>\n<ul>\n<li>Quim. Farm.-Mg. Ferm\u00edn Humberto Ar\u00e9valo Ortiz<\/li>\n<li>Ing. Quim.-Ma. Mariella Cortez Caillahua<\/li>\n<li>Bi\u00f3l. Mg. Cs. Educ. Paola Aurelia Jorge Montalvo<\/li>\n<li>Ing. Quim.-Mg. Sc. Lena Asunci\u00f3n Tellez Monz\u00f3n<\/li>\n<\/ul>\n<p>&nbsp;<\/p>\n<p><strong>DOCENTE AUXILIAR<\/strong><\/p>\n<ul>\n<li>Quim.-Mg.Quim. Joel Claudio Rengifo Maravi<\/li>\n<li>Ing. Amb.-Mg.Sc. Diego Alonso Suarez Ramos<\/li>\n<\/ul>\n<p>&nbsp;<\/p>\n<p><strong>DOCENTE ART\u00cdCULO 470<\/strong><\/p>\n<ul>\n<li>Quim. Miki Gonzales Uscamayta<\/li>\n<li>Quim. Fernando Grandez Arias<\/li>\n<\/ul>\n<p>&nbsp;<\/p>\n<p><strong>JEFE DE PR\u00c1CTICAS<\/strong><\/p>\n<ul>\n<li>Ing. Quim. Amelia Devorah Arias Durand<\/li>\n<li>Ing. Amb. Jacqueline Jannet Dioses Moreles<\/li>\n<li>Q. F. Gaby Espinoza C\u00f3rdova<\/li>\n<\/ul>\n<p>[\/et_pb_text][\/et_pb_column][\/et_pb_row][\/et_pb_section]<\/p>\n","protected":false},"excerpt":{"rendered":"<p>PLANA DOCENTEDOCENTE PRINCIPAL Ing. Quim. -Maest. Maria Cecilia Alegr\u00eda Arnedo Ing. Zoot.-Mg. Sc.-Ph. D. Ada del Pilar Aliaga Rota Ing. Quim. -Maest.V\u00edctor Augusto Caro S\u00e1nchez Benites Quim.-M. Quim. Mary Flor Cesare Coral Bi\u00f3l.-Mg. Jorge Antonio Ch\u00e1vez P\u00e9rez Quim. Farm-Mg. Educ. Epifanio Te\u00f3filo Chire Murillo Ing. Ind. Alim.-Mg. Sc. Clara Gabina Figueroa Cornejo de Armas Ing. [&hellip;]<\/p>\n","protected":false},"author":1,"featured_media":0,"parent":0,"menu_order":0,"comment_status":"closed","ping_status":"closed","template":"","meta":{"_et_pb_use_builder":"on","_et_pb_old_content":"","_et_gb_content_width":"","om_disable_all_campaigns":false},"_links":{"self":[{"href":"https:\/\/ciencias.lamolina.edu.pe\/index.php?rest_route=\/wp\/v2\/pages\/695"}],"collection":[{"href":"https:\/\/ciencias.lamolina.edu.pe\/index.php?rest_route=\/wp\/v2\/pages"}],"about":[{"href":"https:\/\/ciencias.lamolina.edu.pe\/index.php?rest_route=\/wp\/v2\/types\/page"}],"author":[{"embeddable":true,"href":"https:\/\/ciencias.lamolina.edu.pe\/index.php?rest_route=\/wp\/v2\/users\/1"}],"replies":[{"embeddable":true,"href":"https:\/\/ciencias.lamolina.edu.pe\/index.php?rest_route=%2Fwp%2Fv2%2Fcomments&post=695"}],"version-history":[{"count":2,"href":"https:\/\/ciencias.lamolina.edu.pe\/index.php?rest_route=\/wp\/v2\/pages\/695\/revisions"}],"predecessor-version":[{"id":697,"href":"https:\/\/ciencias.lamolina.edu.pe\/index.php?rest_route=\/wp\/v2\/pages\/695\/revisions\/697"}],"wp:attachment":[{"href":"https:\/\/ciencias.lamolina.edu.pe\/index.php?rest_route=%2Fwp%2Fv2%2Fmedia&parent=695"}],"curies":[{"name":"wp","href":"https:\/\/api.w.org\/{rel}","templated":true}]}}