{"id":683,"date":"2023-11-28T15:02:48","date_gmt":"2023-11-28T15:02:48","guid":{"rendered":"https:\/\/ciencias.lamolina.edu.pe\/?page_id=683"},"modified":"2023-11-28T15:02:48","modified_gmt":"2023-11-28T15:02:48","slug":"plana-docente-departamento-de-fisica-y-meteorologia","status":"publish","type":"page","link":"https:\/\/ciencias.lamolina.edu.pe\/?page_id=683","title":{"rendered":"Plana Docente Departamento de F\u00edsica y Meteorolog\u00eda"},"content":{"rendered":"<p>[et_pb_section fb_built=&#8221;1&#8243; _builder_version=&#8221;4.18.1&#8243; _module_preset=&#8221;default&#8221; custom_padding=&#8221;4px|||||&#8221; locked=&#8221;off&#8221; global_colors_info=&#8221;{}&#8221; theme_builder_area=&#8221;post_content&#8221;][et_pb_row use_custom_gutter=&#8221;on&#8221; _builder_version=&#8221;4.18.1&#8243; _module_preset=&#8221;default&#8221; width=&#8221;100%&#8221; max_width=&#8221;2560px&#8221; min_height=&#8221;259px&#8221; custom_padding=&#8221;0px|||||&#8221; global_colors_info=&#8221;{}&#8221; theme_builder_area=&#8221;post_content&#8221;][et_pb_column type=&#8221;4_4&#8243; _builder_version=&#8221;4.18.1&#8243; _module_preset=&#8221;default&#8221; global_colors_info=&#8221;{}&#8221; theme_builder_area=&#8221;post_content&#8221;][et_pb_image src=&#8221;https:\/\/ciencias.lamolina.edu.pe\/wp-content\/uploads\/2022\/11\/dpto_fisica.jpg&#8221; _builder_version=&#8221;4.19.1&#8243; _module_preset=&#8221;default&#8221; global_colors_info=&#8221;{}&#8221; theme_builder_area=&#8221;post_content&#8221;][\/et_pb_image][\/et_pb_column][\/et_pb_row][et_pb_row use_custom_gutter=&#8221;on&#8221; gutter_width=&#8221;1&#8243; _builder_version=&#8221;4.18.1&#8243; _module_preset=&#8221;default&#8221; width=&#8221;58%&#8221; max_width=&#8221;65%&#8221; custom_margin=&#8221;30px||13px||false|false&#8221; custom_padding=&#8221;4px||4px||false|false&#8221; locked=&#8221;off&#8221; global_colors_info=&#8221;{}&#8221; theme_builder_area=&#8221;post_content&#8221;][et_pb_column type=&#8221;4_4&#8243; _builder_version=&#8221;4.18.1&#8243; _module_preset=&#8221;default&#8221; global_colors_info=&#8221;{}&#8221; theme_builder_area=&#8221;post_content&#8221;][et_pb_text _builder_version=&#8221;4.19.4&#8243; _module_preset=&#8221;default&#8221; text_font=&#8221;Raleway|||on|||||&#8221; text_text_color=&#8221;#0066b1&#8243; text_font_size=&#8221;28px&#8221; text_orientation=&#8221;center&#8221; module_alignment=&#8221;center&#8221; hover_enabled=&#8221;0&#8243; global_colors_info=&#8221;{}&#8221; theme_builder_area=&#8221;post_content&#8221; sticky_enabled=&#8221;0&#8243;]<\/p>\n<p>PLANA DOCENTE<\/p>\n<p>[\/et_pb_text][et_pb_image src=&#8221;https:\/\/ciencias.lamolina.edu.pe\/wp-content\/uploads\/2022\/10\/pie1.webp&#8221; title_text=&#8221;pie1&#8243; align=&#8221;center&#8221; _builder_version=&#8221;4.18.1&#8243; _module_preset=&#8221;default&#8221; custom_margin=&#8221;2px||2px||true|false&#8221; global_colors_info=&#8221;{}&#8221; theme_builder_area=&#8221;post_content&#8221;][\/et_pb_image][et_pb_text _builder_version=&#8221;4.19.4&#8243; _module_preset=&#8221;default&#8221; text_font=&#8221;Raleway||||||||&#8221; text_font_size=&#8221;16px&#8221; text_orientation=&#8221;justified&#8221; custom_margin=&#8221;43px||43px||true|false&#8221; hover_enabled=&#8221;0&#8243; global_colors_info=&#8221;{}&#8221; theme_builder_area=&#8221;post_content&#8221; sticky_enabled=&#8221;0&#8243;]<\/p>\n<p><strong>DOCENTE PRINCIPAL<\/strong><\/p>\n<ul>\n<li>Ing. Met.-Mg. Sc. Victoria Doris Calle Montes<\/li>\n<li>Ing. Met.-Mg. Sc. Eusebio Idelmo Cisneros Tarme\u00f1o<\/li>\n<li>Bach. Cs. Met.-Mg. Sc. Juan Carlos Chang Chang Fun<\/li>\n<li>Ing. Met.-Mestre Agr. Jer\u00f3nimo Garc\u00eda Villanueva<\/li>\n<li>Ing. Met.-Mg. Sc.-M. Univ.-Dr. Ernesto Ever Menacho Casimiro\u00a0<\/li>\n<\/ul>\n<p>&nbsp;<\/p>\n<p><strong>DOCENTE ASOCIADO<\/strong><\/p>\n<ul>\n<li>Ing. Elec. H\u00e9ctor Ladislao Huisacaina Soto<\/li>\n<li>Lic. Fis. Juan Manuel Pesantes Rojas<\/li>\n<li>Ing. Met. Franklin Delio Unsihuay Tovar<\/li>\n<li>Bach. Cs. Fis.-Mg. Sc. Julio Alfonso Arakaki Kiyan<\/li>\n<li>Bach. Cs. Fis.y Mat.-Mg. Mart\u00edn Benedicto Sandoval Casas<\/li>\n<li>Ing. Met.-Mg. Sc. Weidi Flores Villanueva<\/li>\n<\/ul>\n<p>&nbsp;<\/p>\n<p><strong>DOCENTE AUXILIAR<\/strong><\/p>\n<ul>\n<li>Lic. Fis.-Mg. Fis. Edison Cholan Rodr\u00edguez<\/li>\n<li>Lic. Fis.-Maest. Oscar Enrique Tang Cruz<\/li>\n<li>Ing. Met.-M.-Dr. Alexis Nicol\u00e1s Ib\u00e1\u00f1ez Blancas<\/li>\n<li>Lic. Fis.-Maest. Cs. Fis. Ricardo Otilio Verde Vera<\/li>\n<\/ul>\n<p>&nbsp;<\/p>\n<p><strong>DOCENTE ART\u00cdCULO 470<\/strong><\/p>\n<ul>\n<li>Blgo. Giancarlo Arana Ochoa<\/li>\n<li>Ing. Met. Adrian Marko Huerta Julca<\/li>\n<li>Dr. Neil Alata Olivares<\/li>\n<li>Maestro. Eliazar Chuchon Angulo<\/li>\n<li>Mg. Sc. Nelson Quispe Guitierrez<\/li>\n<li>Dr. Aldo Moya Alvarez<\/li>\n<\/ul>\n<p>&nbsp;<\/p>\n<p><strong>DOCENTE INVITADO<\/strong><\/p>\n<ul>\n<li>Dr. Jose Nemecio Acosta Jara<\/li>\n<\/ul>\n<p>&nbsp;<\/p>\n<p><strong>JEFE DE PR\u00c1CTICAS<\/strong><\/p>\n<ul>\n<li>Lic. Fis. Rodolfo Luis Sonco Cutire<\/li>\n<li>Lic. Fis. Julio C\u00e9sar Chapo\u00f1an Sandoval<\/li>\n<li>Ing. Met. Katty Sandra Rivera Montalvan<\/li>\n<li>Ing. Amb. Ana Mar\u00eda Arellano Valz<\/li>\n<li>Ing. Met. Manuel Alejandro Figeroa Culqui<\/li>\n<li>Maest. Katherine Lizbeth Ccoica L\u00f3pez<\/li>\n<\/ul>\n<p>&nbsp;<\/p>\n<p>[\/et_pb_text][\/et_pb_column][\/et_pb_row][\/et_pb_section]<\/p>\n","protected":false},"excerpt":{"rendered":"<p>PLANA DOCENTEDOCENTE PRINCIPAL Ing. Met.-Mg. Sc. Victoria Doris Calle Montes Ing. Met.-Mg. Sc. Eusebio Idelmo Cisneros Tarme\u00f1o Bach. Cs. Met.-Mg. Sc. Juan Carlos Chang Chang Fun Ing. Met.-Mestre Agr. Jer\u00f3nimo Garc\u00eda Villanueva Ing. Met.-Mg. Sc.-M. Univ.-Dr. Ernesto Ever Menacho Casimiro\u00a0 &nbsp; DOCENTE ASOCIADO Ing. Elec. H\u00e9ctor Ladislao Huisacaina Soto Lic. Fis. Juan Manuel Pesantes Rojas [&hellip;]<\/p>\n","protected":false},"author":1,"featured_media":0,"parent":0,"menu_order":0,"comment_status":"closed","ping_status":"closed","template":"","meta":{"_et_pb_use_builder":"on","_et_pb_old_content":"","_et_gb_content_width":"","om_disable_all_campaigns":false},"_links":{"self":[{"href":"https:\/\/ciencias.lamolina.edu.pe\/index.php?rest_route=\/wp\/v2\/pages\/683"}],"collection":[{"href":"https:\/\/ciencias.lamolina.edu.pe\/index.php?rest_route=\/wp\/v2\/pages"}],"about":[{"href":"https:\/\/ciencias.lamolina.edu.pe\/index.php?rest_route=\/wp\/v2\/types\/page"}],"author":[{"embeddable":true,"href":"https:\/\/ciencias.lamolina.edu.pe\/index.php?rest_route=\/wp\/v2\/users\/1"}],"replies":[{"embeddable":true,"href":"https:\/\/ciencias.lamolina.edu.pe\/index.php?rest_route=%2Fwp%2Fv2%2Fcomments&post=683"}],"version-history":[{"count":2,"href":"https:\/\/ciencias.lamolina.edu.pe\/index.php?rest_route=\/wp\/v2\/pages\/683\/revisions"}],"predecessor-version":[{"id":686,"href":"https:\/\/ciencias.lamolina.edu.pe\/index.php?rest_route=\/wp\/v2\/pages\/683\/revisions\/686"}],"wp:attachment":[{"href":"https:\/\/ciencias.lamolina.edu.pe\/index.php?rest_route=%2Fwp%2Fv2%2Fmedia&parent=683"}],"curies":[{"name":"wp","href":"https:\/\/api.w.org\/{rel}","templated":true}]}}