{"id":451,"date":"2022-11-18T16:45:34","date_gmt":"2022-11-18T16:45:34","guid":{"rendered":"http:\/\/ciencias.lamolina.edu.pe\/?page_id=451"},"modified":"2022-11-18T16:47:52","modified_gmt":"2022-11-18T16:47:52","slug":"dpto-fisica-meteorologia","status":"publish","type":"page","link":"https:\/\/ciencias.lamolina.edu.pe\/?page_id=451","title":{"rendered":"DEPARTAMENTO DE F\u00cdSICA Y METEOROLOG\u00cdA &#8211; PRESENTACI\u00d3N"},"content":{"rendered":"<p>[et_pb_section fb_built=&#8221;1&#8243; _builder_version=&#8221;4.18.1&#8243; _module_preset=&#8221;default&#8221; custom_padding=&#8221;4px|||||&#8221; locked=&#8221;off&#8221; global_colors_info=&#8221;{}&#8221;][et_pb_row use_custom_gutter=&#8221;on&#8221; _builder_version=&#8221;4.18.1&#8243; _module_preset=&#8221;default&#8221; width=&#8221;100%&#8221; max_width=&#8221;2560px&#8221; min_height=&#8221;259px&#8221; custom_padding=&#8221;0px|||||&#8221; global_colors_info=&#8221;{}&#8221;][et_pb_column type=&#8221;4_4&#8243; _builder_version=&#8221;4.18.1&#8243; _module_preset=&#8221;default&#8221; global_colors_info=&#8221;{}&#8221;][et_pb_image src=&#8221;https:\/\/ciencias.lamolina.edu.pe\/wp-content\/uploads\/2022\/11\/dpto_fisica.jpg&#8221; _builder_version=&#8221;4.19.1&#8243; _module_preset=&#8221;default&#8221; hover_enabled=&#8221;0&#8243; global_colors_info=&#8221;{}&#8221; sticky_enabled=&#8221;0&#8243;][\/et_pb_image][\/et_pb_column][\/et_pb_row][et_pb_row use_custom_gutter=&#8221;on&#8221; gutter_width=&#8221;1&#8243; _builder_version=&#8221;4.18.1&#8243; _module_preset=&#8221;default&#8221; width=&#8221;58%&#8221; max_width=&#8221;65%&#8221; custom_margin=&#8221;30px||13px||false|false&#8221; custom_padding=&#8221;4px||4px||false|false&#8221; locked=&#8221;off&#8221; global_colors_info=&#8221;{}&#8221;][et_pb_column type=&#8221;4_4&#8243; _builder_version=&#8221;4.18.1&#8243; _module_preset=&#8221;default&#8221; global_colors_info=&#8221;{}&#8221;][et_pb_text _builder_version=&#8221;4.19.1&#8243; _module_preset=&#8221;default&#8221; text_font=&#8221;Raleway|||on|||||&#8221; text_text_color=&#8221;#0066b1&#8243; text_font_size=&#8221;28px&#8221; text_orientation=&#8221;center&#8221; module_alignment=&#8221;center&#8221; global_colors_info=&#8221;{}&#8221;]<\/p>\n<p>PRESENTACI\u00d3N<\/p>\n<p>[\/et_pb_text][et_pb_image src=&#8221;https:\/\/ciencias.lamolina.edu.pe\/wp-content\/uploads\/2022\/10\/pie1.webp&#8221; title_text=&#8221;pie1&#8243; align=&#8221;center&#8221; _builder_version=&#8221;4.18.1&#8243; _module_preset=&#8221;default&#8221; custom_margin=&#8221;2px||2px||true|false&#8221; global_colors_info=&#8221;{}&#8221;][\/et_pb_image][et_pb_text _builder_version=&#8221;4.19.1&#8243; _module_preset=&#8221;default&#8221; text_font=&#8221;Raleway||||||||&#8221; text_font_size=&#8221;16px&#8221; text_orientation=&#8221;justified&#8221; custom_margin=&#8221;43px||43px||true|false&#8221; hover_enabled=&#8221;0&#8243; global_colors_info=&#8221;{}&#8221; sticky_enabled=&#8221;0&#8243;]<\/p>\n<p style=\"margin: 0cm; margin-bottom: .0001pt; text-align: justify; background: white;\"><span style=\"font-size: 13.5pt; font-family: 'Helvetica',sans-serif;\">A partir del a\u00f1o 1961 comenz\u00f3 a funcionar el Departamento Acad\u00e9mico de Ingenier\u00eda Ambiental, F\u00edsica y Meteorolog\u00eda, para posteriormente, en marzo de 1973, mediante resoluci\u00f3n 21174\/UNA, se apruebe el curr\u00edculo de la carrera profesional de Meteorolog\u00eda, entendida como la ciencia que estudia los procesos f\u00edsicos que ocurren en la atm\u00f3sfera.<\/p>\n<p>La formaci\u00f3n meteorol\u00f3gica requiere de una base f\u00edsica y matem\u00e1tica s\u00f3lida que permita comprender los resultados num\u00e9ricos y as\u00ed poder orientarlos a un diagn\u00f3stico y pron\u00f3stico del tiempo atmosf\u00e9rico con el objetivo de apoyar cualquier disciplina o actividad que realice el ser humano.<\/p>\n<p>La UNALM es la \u00fanica universidad, que forma profesionales en Meteorolog\u00eda en el pa\u00eds. La s\u00f3lida base en las ciencias f\u00edsicas y matem\u00e1ticas del Meteor\u00f3logo le permite comprender y manejar cualquier actividad relacionada con el tiempo atmosf\u00e9rico y clima.<\/p>\n<p>En la medida que el ser humano comprenda que la vida y calidad de vida depende del respeto a la atm\u00f3sfera, el Meteor\u00f3logo ocupar\u00e1 actividades hasta hoy poco desarrolladas como las ciencias m\u00e9dicas, derecho ambiental y contaminaci\u00f3n ambiental.<o:p><\/o:p><\/span><\/p>\n<p>[\/et_pb_text][\/et_pb_column][\/et_pb_row][\/et_pb_section]<\/p>\n","protected":false},"excerpt":{"rendered":"<p>PRESENTACI\u00d3NA partir del a\u00f1o 1961 comenz\u00f3 a funcionar el Departamento Acad\u00e9mico de Ingenier\u00eda Ambiental, F\u00edsica y Meteorolog\u00eda, para posteriormente, en marzo de 1973, mediante resoluci\u00f3n 21174\/UNA, se apruebe el curr\u00edculo de la carrera profesional de Meteorolog\u00eda, entendida como la ciencia que estudia los procesos f\u00edsicos que ocurren en la atm\u00f3sfera. La formaci\u00f3n meteorol\u00f3gica requiere de [&hellip;]<\/p>\n","protected":false},"author":1,"featured_media":0,"parent":0,"menu_order":0,"comment_status":"closed","ping_status":"closed","template":"","meta":{"_et_pb_use_builder":"on","_et_pb_old_content":"","_et_gb_content_width":"","om_disable_all_campaigns":false},"_links":{"self":[{"href":"https:\/\/ciencias.lamolina.edu.pe\/index.php?rest_route=\/wp\/v2\/pages\/451"}],"collection":[{"href":"https:\/\/ciencias.lamolina.edu.pe\/index.php?rest_route=\/wp\/v2\/pages"}],"about":[{"href":"https:\/\/ciencias.lamolina.edu.pe\/index.php?rest_route=\/wp\/v2\/types\/page"}],"author":[{"embeddable":true,"href":"https:\/\/ciencias.lamolina.edu.pe\/index.php?rest_route=\/wp\/v2\/users\/1"}],"replies":[{"embeddable":true,"href":"https:\/\/ciencias.lamolina.edu.pe\/index.php?rest_route=%2Fwp%2Fv2%2Fcomments&post=451"}],"version-history":[{"count":3,"href":"https:\/\/ciencias.lamolina.edu.pe\/index.php?rest_route=\/wp\/v2\/pages\/451\/revisions"}],"predecessor-version":[{"id":454,"href":"https:\/\/ciencias.lamolina.edu.pe\/index.php?rest_route=\/wp\/v2\/pages\/451\/revisions\/454"}],"wp:attachment":[{"href":"https:\/\/ciencias.lamolina.edu.pe\/index.php?rest_route=%2Fwp%2Fv2%2Fmedia&parent=451"}],"curies":[{"name":"wp","href":"https:\/\/api.w.org\/{rel}","templated":true}]}}