{"id":433,"date":"2022-11-18T15:48:25","date_gmt":"2022-11-18T15:48:25","guid":{"rendered":"http:\/\/ciencias.lamolina.edu.pe\/?page_id=433"},"modified":"2025-03-24T19:14:18","modified_gmt":"2025-03-24T19:14:18","slug":"dpto-biologia-laboratorios","status":"publish","type":"page","link":"https:\/\/ciencias.lamolina.edu.pe\/?page_id=433","title":{"rendered":"DEPARTAMENTO DE BIOLOG\u00cdA &#8211; LABORATORIOS"},"content":{"rendered":"<p>[et_pb_section fb_built=&#8221;1&#8243; _builder_version=&#8221;4.18.1&#8243; _module_preset=&#8221;default&#8221; custom_padding=&#8221;4px|||||&#8221; locked=&#8221;off&#8221; global_colors_info=&#8221;{}&#8221;][et_pb_row use_custom_gutter=&#8221;on&#8221; _builder_version=&#8221;4.18.1&#8243; _module_preset=&#8221;default&#8221; width=&#8221;100%&#8221; max_width=&#8221;2560px&#8221; min_height=&#8221;259px&#8221; custom_padding=&#8221;0px|||||&#8221; global_colors_info=&#8221;{}&#8221;][et_pb_column type=&#8221;4_4&#8243; _builder_version=&#8221;4.18.1&#8243; _module_preset=&#8221;default&#8221; global_colors_info=&#8221;{}&#8221;][et_pb_image src=&#8221;https:\/\/ciencias.lamolina.edu.pe\/wp-content\/uploads\/2022\/11\/c_biologia-1.jpg&#8221; _builder_version=&#8221;4.18.1&#8243; _module_preset=&#8221;default&#8221; global_colors_info=&#8221;{}&#8221;][\/et_pb_image][\/et_pb_column][\/et_pb_row][et_pb_row use_custom_gutter=&#8221;on&#8221; gutter_width=&#8221;1&#8243; _builder_version=&#8221;4.18.1&#8243; _module_preset=&#8221;default&#8221; width=&#8221;58%&#8221; max_width=&#8221;65%&#8221; custom_margin=&#8221;30px||13px||false|false&#8221; custom_padding=&#8221;4px||4px||false|false&#8221; hover_enabled=&#8221;0&#8243; locked=&#8221;off&#8221; global_colors_info=&#8221;{}&#8221; sticky_enabled=&#8221;0&#8243;][et_pb_column type=&#8221;4_4&#8243; _builder_version=&#8221;4.18.1&#8243; _module_preset=&#8221;default&#8221; global_colors_info=&#8221;{}&#8221;][et_pb_text _builder_version=&#8221;4.19.1&#8243; _module_preset=&#8221;default&#8221; text_font=&#8221;Raleway|||on|||||&#8221; text_text_color=&#8221;#0066b1&#8243; text_font_size=&#8221;28px&#8221; text_orientation=&#8221;center&#8221; module_alignment=&#8221;center&#8221; global_colors_info=&#8221;{}&#8221;]<\/p>\n<p>LABORATORIOS<\/p>\n<p>[\/et_pb_text][et_pb_image src=&#8221;https:\/\/ciencias.lamolina.edu.pe\/wp-content\/uploads\/2022\/10\/pie1.webp&#8221; title_text=&#8221;pie1&#8243; align=&#8221;center&#8221; _builder_version=&#8221;4.18.1&#8243; _module_preset=&#8221;default&#8221; custom_margin=&#8221;2px||2px||true|false&#8221; global_colors_info=&#8221;{}&#8221;][\/et_pb_image][\/et_pb_column][\/et_pb_row][et_pb_row column_structure=&#8221;1_4,3_4&#8243; _builder_version=&#8221;4.19.1&#8243; _module_preset=&#8221;default&#8221; min_height=&#8221;54px&#8221; custom_margin=&#8221;|auto|-2px|auto||&#8221; hover_enabled=&#8221;0&#8243; locked=&#8221;off&#8221; global_colors_info=&#8221;{}&#8221; sticky_enabled=&#8221;0&#8243;][et_pb_column type=&#8221;1_4&#8243; _builder_version=&#8221;4.19.1&#8243; _module_preset=&#8221;default&#8221; global_colors_info=&#8221;{}&#8221;][\/et_pb_column][et_pb_column type=&#8221;3_4&#8243; _builder_version=&#8221;4.19.1&#8243; _module_preset=&#8221;default&#8221; global_colors_info=&#8221;{}&#8221;][et_pb_accordion open_toggle_text_color=&#8221;#0C71C3&#8243; toggle_icon=&#8221;&#x45;||divi||400&#8243; use_icon_font_size=&#8221;on&#8221; _builder_version=&#8221;4.19.1&#8243; _module_preset=&#8221;default&#8221; toggle_level=&#8221;h3&#8243; toggle_font=&#8221;Raleway||||||||&#8221; custom_margin=&#8221;|302px||||&#8221; border_color_all=&#8221;#0C71C3&#8243; global_colors_info=&#8221;{}&#8221;][et_pb_accordion_item title=&#8221;Laboratorios de ense\u00f1anza:&#8221; open=&#8221;on&#8221; _builder_version=&#8221;4.19.1&#8243; _module_preset=&#8221;default&#8221; body_font=&#8221;Raleway||||||||&#8221; body_font_size=&#8221;16px&#8221; global_colors_info=&#8221;{}&#8221;]<\/p>\n<ul>\n<li>Laboratorio B-1<\/li>\n<li>Laboratorio B-2<\/li>\n<li>Laboratorio B-3<\/li>\n<li>Laboratorio B-4<\/li>\n<li>Laboratorio B-5<\/li>\n<li>Laboratorio B-6<\/li>\n<\/ul>\n<p>[\/et_pb_accordion_item][et_pb_accordion_item title=&#8221;Laboratorios de Investigaci\u00f3n:&#8221; _builder_version=&#8221;4.19.1&#8243; _module_preset=&#8221;default&#8221; body_font=&#8221;Raleway||||||||&#8221; body_font_size=&#8221;16px&#8221; global_colors_info=&#8221;{}&#8221; open=&#8221;off&#8221;]<\/p>\n<ul>\n<li style=\"text-align: justify;\">Laboratorio de Control Biol\u00f3gico y Ecolog\u00eda de Artr\u00f3podos<\/li>\n<li style=\"text-align: justify;\">Laboratorio de Taxonom\u00eda y Anatom\u00eda de Plantas<\/li>\n<li style=\"text-align: justify;\">Laboratorio de Ecolog\u00eda de Procesos<\/li>\n<li style=\"text-align: justify;\">Laboratorio de Fisiolog\u00eda y Biorremediaci\u00f3n \u201cLuis Basto Acosta\u201d<\/li>\n<li style=\"text-align: justify;\">Laboratorio de Fisiolog\u00eda Vegetal<\/li>\n<li style=\"text-align: justify;\">Laboratorio de Ecolog\u00eda y Biotecnolog\u00eda Microbiana<\/li>\n<li style=\"text-align: justify;\">Laboratorio de Biolog\u00eda Aplicada, Ecobiotecnolog\u00eda y Tratamiento de residuos agroforestales<\/li>\n<li style=\"text-align: justify;\">Laboratorio de Micolog\u00eda y Biotecnolog\u00eda<\/li>\n<\/ul>\n<p>[\/et_pb_accordion_item][et_pb_accordion_item title=&#8221;Centros de Investigaci\u00f3n:&#8221; _builder_version=&#8221;4.19.1&#8243; _module_preset=&#8221;default&#8221; body_font=&#8221;Raleway||||||||&#8221; body_font_size=&#8221;16px&#8221; global_colors_info=&#8221;{}&#8221; open=&#8221;off&#8221;]<\/p>\n<ul>\n<li style=\"text-align: justify;\">Herbario Augusto Weberbauer<\/li>\n<li style=\"text-align: justify;\">Jard\u00edn Bot\u00e1nico Octavio Velarde N\u00fa\u00f1ez<\/li>\n<li style=\"text-align: justify;\">Centro de Investigaci\u00f3n en Hidropon\u00eda y Nutrici\u00f3n mineral<\/li>\n<li style=\"text-align: justify;\">Centro de Investigaci\u00f3n en Recursos Gen\u00e9ticos, Biotecnolog\u00eda y Bioseguridad<\/li>\n<li style=\"text-align: justify;\">Centro de Investigaci\u00f3n en zonas \u00c1ridas<\/li>\n<\/ul>\n<p>[\/et_pb_accordion_item][\/et_pb_accordion][\/et_pb_column][\/et_pb_row][\/et_pb_section]<\/p>\n","protected":false},"excerpt":{"rendered":"<p>LABORATORIOS Laboratorio B-1 Laboratorio B-2 Laboratorio B-3 Laboratorio B-4 Laboratorio B-5 Laboratorio B-6 Laboratorio de Control Biol\u00f3gico y Ecolog\u00eda de Artr\u00f3podos Laboratorio de Taxonom\u00eda y Anatom\u00eda de Plantas Laboratorio de Ecolog\u00eda de Procesos Laboratorio de Fisiolog\u00eda y Biorremediaci\u00f3n \u201cLuis Basto Acosta\u201d Laboratorio de Fisiolog\u00eda Vegetal Laboratorio de Ecolog\u00eda y Biotecnolog\u00eda Microbiana Laboratorio de Biolog\u00eda Aplicada, [&hellip;]<\/p>\n","protected":false},"author":1,"featured_media":0,"parent":0,"menu_order":0,"comment_status":"closed","ping_status":"closed","template":"","meta":{"_et_pb_use_builder":"on","_et_pb_old_content":"","_et_gb_content_width":"","om_disable_all_campaigns":false},"_links":{"self":[{"href":"https:\/\/ciencias.lamolina.edu.pe\/index.php?rest_route=\/wp\/v2\/pages\/433"}],"collection":[{"href":"https:\/\/ciencias.lamolina.edu.pe\/index.php?rest_route=\/wp\/v2\/pages"}],"about":[{"href":"https:\/\/ciencias.lamolina.edu.pe\/index.php?rest_route=\/wp\/v2\/types\/page"}],"author":[{"embeddable":true,"href":"https:\/\/ciencias.lamolina.edu.pe\/index.php?rest_route=\/wp\/v2\/users\/1"}],"replies":[{"embeddable":true,"href":"https:\/\/ciencias.lamolina.edu.pe\/index.php?rest_route=%2Fwp%2Fv2%2Fcomments&post=433"}],"version-history":[{"count":10,"href":"https:\/\/ciencias.lamolina.edu.pe\/index.php?rest_route=\/wp\/v2\/pages\/433\/revisions"}],"predecessor-version":[{"id":912,"href":"https:\/\/ciencias.lamolina.edu.pe\/index.php?rest_route=\/wp\/v2\/pages\/433\/revisions\/912"}],"wp:attachment":[{"href":"https:\/\/ciencias.lamolina.edu.pe\/index.php?rest_route=%2Fwp%2Fv2%2Fmedia&parent=433"}],"curies":[{"name":"wp","href":"https:\/\/api.w.org\/{rel}","templated":true}]}}