{"id":421,"date":"2022-11-18T14:47:39","date_gmt":"2022-11-18T14:47:39","guid":{"rendered":"http:\/\/ciencias.lamolina.edu.pe\/?page_id=421"},"modified":"2025-03-24T19:16:27","modified_gmt":"2025-03-24T19:16:27","slug":"dpto-biologia-presentacion","status":"publish","type":"page","link":"https:\/\/ciencias.lamolina.edu.pe\/?page_id=421","title":{"rendered":"DEPARTAMENTO DE BIOLOG\u00cdA &#8211; PRESENTACI\u00d3N"},"content":{"rendered":"<p>[et_pb_section fb_built=&#8221;1&#8243; _builder_version=&#8221;4.18.1&#8243; _module_preset=&#8221;default&#8221; custom_padding=&#8221;4px|||||&#8221; locked=&#8221;off&#8221; global_colors_info=&#8221;{}&#8221;][et_pb_row use_custom_gutter=&#8221;on&#8221; _builder_version=&#8221;4.18.1&#8243; _module_preset=&#8221;default&#8221; width=&#8221;100%&#8221; max_width=&#8221;2560px&#8221; min_height=&#8221;259px&#8221; custom_padding=&#8221;0px|||||&#8221; global_colors_info=&#8221;{}&#8221;][et_pb_column type=&#8221;4_4&#8243; _builder_version=&#8221;4.18.1&#8243; _module_preset=&#8221;default&#8221; global_colors_info=&#8221;{}&#8221;][et_pb_image src=&#8221;https:\/\/ciencias.lamolina.edu.pe\/wp-content\/uploads\/2022\/11\/c_biologia-1.jpg&#8221; _builder_version=&#8221;4.18.1&#8243; _module_preset=&#8221;default&#8221; global_colors_info=&#8221;{}&#8221;][\/et_pb_image][\/et_pb_column][\/et_pb_row][et_pb_row use_custom_gutter=&#8221;on&#8221; gutter_width=&#8221;1&#8243; _builder_version=&#8221;4.18.1&#8243; _module_preset=&#8221;default&#8221; width=&#8221;58%&#8221; max_width=&#8221;65%&#8221; custom_margin=&#8221;30px||13px||false|false&#8221; custom_padding=&#8221;4px||4px||false|false&#8221; locked=&#8221;off&#8221; global_colors_info=&#8221;{}&#8221;][et_pb_column type=&#8221;4_4&#8243; _builder_version=&#8221;4.18.1&#8243; _module_preset=&#8221;default&#8221; global_colors_info=&#8221;{}&#8221;][et_pb_text _builder_version=&#8221;4.19.1&#8243; _module_preset=&#8221;default&#8221; text_font=&#8221;Raleway|||on|||||&#8221; text_text_color=&#8221;#0066b1&#8243; text_font_size=&#8221;28px&#8221; text_orientation=&#8221;center&#8221; module_alignment=&#8221;center&#8221; global_colors_info=&#8221;{}&#8221;]<\/p>\n<p>PRESENTACI\u00d3N<\/p>\n<p>[\/et_pb_text][et_pb_image src=&#8221;https:\/\/ciencias.lamolina.edu.pe\/wp-content\/uploads\/2022\/10\/pie1.webp&#8221; title_text=&#8221;pie1&#8243; align=&#8221;center&#8221; _builder_version=&#8221;4.18.1&#8243; _module_preset=&#8221;default&#8221; custom_margin=&#8221;2px||2px||true|false&#8221; global_colors_info=&#8221;{}&#8221;][\/et_pb_image][et_pb_text _builder_version=&#8221;4.19.1&#8243; _module_preset=&#8221;default&#8221; text_font=&#8221;Raleway||||||||&#8221; text_font_size=&#8221;16px&#8221; text_orientation=&#8221;justified&#8221; custom_margin=&#8221;43px||43px||true|false&#8221; global_colors_info=&#8221;{}&#8221;]<\/p>\n<p style=\"text-align: justify;\">El Departamento de Biolog\u00eda pertenece a la Facultad de Ciencias de la Universidad Nacional Agraria La Molina (UNALM). Los profesores que integran el departamento imparten los cursos de la Carrera Profesional de Biolog\u00eda, ofrecida desde 1961. En la actualidad, la carrera de Biolog\u00eda forma bi\u00f3logos en dos orientaciones: Ecolog\u00eda y Biotecnolog\u00eda. La investigaci\u00f3n est\u00e1 centrada en la generaci\u00f3n de conocimiento sobre genes, especies, ecosistemas y procesos y productos biotecnol\u00f3gicos. La proyecci\u00f3n social se centra en extender la investigaci\u00f3n a la comunidad mediante capacitaci\u00f3n, convenios y transferencias de tecnolog\u00edas.<\/p>\n<p>&nbsp;<\/p>\n<p style=\"text-align: justify;\"><strong>\u00bfQu\u00e9 es la biolog\u00eda?<\/strong><\/p>\n<p style=\"text-align: justify;\">La Biolog\u00eda es la ciencia que se dedica al estudio de los seres vivos y todo lo que con ellos se relaciona. Por ello, el bi\u00f3logo es aquel profesional que mediante el conocimiento cient\u00edfico y la generaci\u00f3n de biotecnolog\u00edas permite optar por una mejor utilizaci\u00f3n de los recursos bi\u00f3ticos, contribuyendo al bienestar y desarrollo de la sociedad.<\/p>\n<p>[\/et_pb_text][\/et_pb_column][\/et_pb_row][\/et_pb_section]<\/p>\n","protected":false},"excerpt":{"rendered":"<p>PRESENTACI\u00d3NEl Departamento de Biolog\u00eda pertenece a la Facultad de Ciencias de la Universidad Nacional Agraria La Molina (UNALM). Los profesores que integran el departamento imparten los cursos de la Carrera Profesional de Biolog\u00eda, ofrecida desde 1961. En la actualidad, la carrera de Biolog\u00eda forma bi\u00f3logos en dos orientaciones: Ecolog\u00eda y Biotecnolog\u00eda. La investigaci\u00f3n est\u00e1 centrada [&hellip;]<\/p>\n","protected":false},"author":1,"featured_media":0,"parent":0,"menu_order":0,"comment_status":"closed","ping_status":"closed","template":"","meta":{"_et_pb_use_builder":"on","_et_pb_old_content":"","_et_gb_content_width":"","om_disable_all_campaigns":false},"_links":{"self":[{"href":"https:\/\/ciencias.lamolina.edu.pe\/index.php?rest_route=\/wp\/v2\/pages\/421"}],"collection":[{"href":"https:\/\/ciencias.lamolina.edu.pe\/index.php?rest_route=\/wp\/v2\/pages"}],"about":[{"href":"https:\/\/ciencias.lamolina.edu.pe\/index.php?rest_route=\/wp\/v2\/types\/page"}],"author":[{"embeddable":true,"href":"https:\/\/ciencias.lamolina.edu.pe\/index.php?rest_route=\/wp\/v2\/users\/1"}],"replies":[{"embeddable":true,"href":"https:\/\/ciencias.lamolina.edu.pe\/index.php?rest_route=%2Fwp%2Fv2%2Fcomments&post=421"}],"version-history":[{"count":3,"href":"https:\/\/ciencias.lamolina.edu.pe\/index.php?rest_route=\/wp\/v2\/pages\/421\/revisions"}],"predecessor-version":[{"id":913,"href":"https:\/\/ciencias.lamolina.edu.pe\/index.php?rest_route=\/wp\/v2\/pages\/421\/revisions\/913"}],"wp:attachment":[{"href":"https:\/\/ciencias.lamolina.edu.pe\/index.php?rest_route=%2Fwp%2Fv2%2Fmedia&parent=421"}],"curies":[{"name":"wp","href":"https:\/\/api.w.org\/{rel}","templated":true}]}}