{"id":357,"date":"2022-11-18T08:13:19","date_gmt":"2022-11-18T08:13:19","guid":{"rendered":"http:\/\/ciencias.lamolina.edu.pe\/?page_id=357"},"modified":"2023-01-03T20:07:38","modified_gmt":"2023-01-03T20:07:38","slug":"ecologia-aplicada-en-gestion-de-ecosistemas","status":"publish","type":"page","link":"https:\/\/ciencias.lamolina.edu.pe\/?page_id=357","title":{"rendered":"Ecolog\u00eda Aplicada en Gesti\u00f3n de Ecosistemas"},"content":{"rendered":"<p>[et_pb_section fb_built=&#8221;1&#8243; _builder_version=&#8221;4.18.1&#8243; _module_preset=&#8221;default&#8221; custom_padding=&#8221;4px|||||&#8221; locked=&#8221;off&#8221; global_colors_info=&#8221;{}&#8221;][et_pb_row use_custom_gutter=&#8221;on&#8221; _builder_version=&#8221;4.18.1&#8243; _module_preset=&#8221;default&#8221; width=&#8221;100%&#8221; max_width=&#8221;2560px&#8221; min_height=&#8221;259px&#8221; custom_padding=&#8221;0px|||||&#8221; global_colors_info=&#8221;{}&#8221;][et_pb_column type=&#8221;4_4&#8243; _builder_version=&#8221;4.18.1&#8243; _module_preset=&#8221;default&#8221; global_colors_info=&#8221;{}&#8221;][et_pb_image src=&#8221;https:\/\/ciencias.lamolina.edu.pe\/wp-content\/uploads\/2022\/11\/c_grupos_investigacion.jpg&#8221; _builder_version=&#8221;4.19.1&#8243; _module_preset=&#8221;default&#8221; global_colors_info=&#8221;{}&#8221;][\/et_pb_image][\/et_pb_column][\/et_pb_row][et_pb_row use_custom_gutter=&#8221;on&#8221; gutter_width=&#8221;1&#8243; _builder_version=&#8221;4.18.1&#8243; _module_preset=&#8221;default&#8221; width=&#8221;58%&#8221; max_width=&#8221;65%&#8221; custom_margin=&#8221;30px||13px||false|false&#8221; custom_padding=&#8221;4px||4px||false|false&#8221; locked=&#8221;off&#8221; global_colors_info=&#8221;{}&#8221;][et_pb_column type=&#8221;4_4&#8243; _builder_version=&#8221;4.18.1&#8243; _module_preset=&#8221;default&#8221; global_colors_info=&#8221;{}&#8221;][et_pb_text _builder_version=&#8221;4.19.1&#8243; _module_preset=&#8221;default&#8221; text_font=&#8221;Raleway|||on|||||&#8221; text_text_color=&#8221;#0066b1&#8243; text_font_size=&#8221;28px&#8221; text_orientation=&#8221;center&#8221; module_alignment=&#8221;center&#8221; global_colors_info=&#8221;{}&#8221;]<\/p>\n<p style=\"text-align: center;\">Ecolog\u00eda Aplicada en Gesti\u00f3n de Ecosistemas<\/p>\n<p>[\/et_pb_text][et_pb_image src=&#8221;https:\/\/ciencias.lamolina.edu.pe\/wp-content\/uploads\/2022\/10\/pie1.webp&#8221; title_text=&#8221;pie1&#8243; align=&#8221;center&#8221; _builder_version=&#8221;4.18.1&#8243; _module_preset=&#8221;default&#8221; custom_margin=&#8221;2px||2px||true|false&#8221; global_colors_info=&#8221;{}&#8221;][\/et_pb_image][\/et_pb_column][\/et_pb_row][et_pb_row column_structure=&#8221;1_3,1_3,1_3&#8243; _builder_version=&#8221;4.19.1&#8243; _module_preset=&#8221;default&#8221; min_height=&#8221;54px&#8221; custom_margin=&#8221;|532px|-2px|auto||&#8221; custom_padding=&#8221;|||0px||&#8221; global_colors_info=&#8221;{}&#8221;][et_pb_column type=&#8221;1_3&#8243; _builder_version=&#8221;4.19.1&#8243; _module_preset=&#8221;default&#8221; global_colors_info=&#8221;{}&#8221;][et_pb_icon font_icon=&#8221;&#x5a;||divi||400&#8243; icon_width=&#8221;40px&#8221; align=&#8221;right&#8221; _builder_version=&#8221;4.19.1&#8243; _module_preset=&#8221;default&#8221; custom_padding=&#8221;|||189px||&#8221; global_colors_info=&#8221;{}&#8221;][\/et_pb_icon][\/et_pb_column][et_pb_column type=&#8221;1_3&#8243; _builder_version=&#8221;4.19.1&#8243; _module_preset=&#8221;default&#8221; global_colors_info=&#8221;{}&#8221;][et_pb_text _builder_version=&#8221;4.19.1&#8243; _module_preset=&#8221;default&#8221; text_font=&#8221;Raleway||||||||&#8221; text_font_size=&#8221;16px&#8221; text_orientation=&#8221;justified&#8221; min_height=&#8221;60.4px&#8221; custom_margin=&#8221;8px|-66px|8px||true|false&#8221; custom_padding=&#8221;0px|44px|0px|||&#8221; global_colors_info=&#8221;{}&#8221;]<\/p>\n<p><strong>L\u00edder de grupo:<\/strong><\/p>\n<p>Diana Zulema Quinteros Carlos<\/p>\n<p><a href=\"mailto:zquinteros@lamolina.edu.pe\"><img decoding=\"async\" loading=\"lazy\" src=\"https:\/\/ciencias.lamolina.edu.pe\/wp-content\/uploads\/2022\/11\/icono_correo.png\" width=\"30\" height=\"22\" alt=\"\" class=\"wp-image-352 alignnone size-full\" \/><\/a>\u00a0 \u00a0<a href=\"mailto:zquinteros@lamolina.edu.pe\">zquinteros@lamolina.edu.pe<\/a><\/p>\n<p>\u00a0<strong>Docentes colaboradores:<\/strong><\/p>\n<ul>\n<li>Edgar S\u00e1nchez Infantas<\/li>\n<li>Abelardo Calder\u00f3n Rodr\u00edguez<\/li>\n<li>Aldo Ceroni Stuva<\/li>\n<li>Germ\u00e1n Arellano Cruz<\/li>\n<li>Rosario Castro Mu\u00f1oz<\/li>\n<li>Viviana Castro Cepero<\/li>\n<li>Ayling Wetzell Canales\u2013Springett<\/li>\n<li>Claudia Caro Vera<\/li>\n<li>Liz Casta\u00f1eda C\u00f3rdova<\/li>\n<li>Juan Juscamaita Morales<\/li>\n<\/ul>\n<p><strong>\u00a0L\u00ednea de Investigaci\u00f3n:<\/strong><\/p>\n<p>\u00a0Ecolog\u00eda<\/p>\n<p>[\/et_pb_text][\/et_pb_column][et_pb_column type=&#8221;1_3&#8243; _builder_version=&#8221;4.19.1&#8243; _module_preset=&#8221;default&#8221; global_colors_info=&#8221;{}&#8221;][et_pb_image src=&#8221;https:\/\/ciencias.lamolina.edu.pe\/wp-content\/uploads\/2022\/11\/grupo2.png&#8221; _builder_version=&#8221;4.19.1&#8243; _module_preset=&#8221;default&#8221; global_colors_info=&#8221;{}&#8221;][\/et_pb_image][\/et_pb_column][\/et_pb_row][et_pb_row _builder_version=&#8221;4.19.4&#8243; _module_preset=&#8221;default&#8221; column_structure=&#8221;3_4,1_4&#8243;][et_pb_column _builder_version=&#8221;4.19.4&#8243; _module_preset=&#8221;default&#8221; type=&#8221;3_4&#8243;][\/et_pb_column][et_pb_column _builder_version=&#8221;4.19.4&#8243; _module_preset=&#8221;default&#8221; type=&#8221;1_4&#8243;][et_pb_button button_url=&#8221;@ET-DC@eyJkeW5hbWljIjp0cnVlLCJjb250ZW50IjoicG9zdF9saW5rX3VybF9wYWdlIiwic2V0dGluZ3MiOnsicG9zdF9pZCI6IjIxOCJ9fQ==@&#8221; button_text=&#8221;IR AL INICIO&#8221; _builder_version=&#8221;4.19.4&#8243; _dynamic_attributes=&#8221;button_url&#8221; _module_preset=&#8221;default&#8221; global_colors_info=&#8221;{}&#8221; locked=&#8221;off&#8221;][\/et_pb_button][\/et_pb_column][\/et_pb_row][\/et_pb_section]<\/p>\n","protected":false},"excerpt":{"rendered":"<p>Ecolog\u00eda Aplicada en Gesti\u00f3n de EcosistemasL\u00edder de grupo: Diana Zulema Quinteros Carlos \u00a0 \u00a0zquinteros@lamolina.edu.pe \u00a0Docentes colaboradores: Edgar S\u00e1nchez Infantas Abelardo Calder\u00f3n Rodr\u00edguez Aldo Ceroni Stuva Germ\u00e1n Arellano Cruz Rosario Castro Mu\u00f1oz Viviana Castro Cepero Ayling Wetzell Canales\u2013Springett Claudia Caro Vera Liz Casta\u00f1eda C\u00f3rdova Juan Juscamaita Morales \u00a0L\u00ednea de Investigaci\u00f3n: \u00a0Ecolog\u00eda<\/p>\n","protected":false},"author":1,"featured_media":0,"parent":0,"menu_order":0,"comment_status":"closed","ping_status":"closed","template":"","meta":{"_et_pb_use_builder":"on","_et_pb_old_content":"","_et_gb_content_width":"","om_disable_all_campaigns":false},"_links":{"self":[{"href":"https:\/\/ciencias.lamolina.edu.pe\/index.php?rest_route=\/wp\/v2\/pages\/357"}],"collection":[{"href":"https:\/\/ciencias.lamolina.edu.pe\/index.php?rest_route=\/wp\/v2\/pages"}],"about":[{"href":"https:\/\/ciencias.lamolina.edu.pe\/index.php?rest_route=\/wp\/v2\/types\/page"}],"author":[{"embeddable":true,"href":"https:\/\/ciencias.lamolina.edu.pe\/index.php?rest_route=\/wp\/v2\/users\/1"}],"replies":[{"embeddable":true,"href":"https:\/\/ciencias.lamolina.edu.pe\/index.php?rest_route=%2Fwp%2Fv2%2Fcomments&post=357"}],"version-history":[{"count":3,"href":"https:\/\/ciencias.lamolina.edu.pe\/index.php?rest_route=\/wp\/v2\/pages\/357\/revisions"}],"predecessor-version":[{"id":595,"href":"https:\/\/ciencias.lamolina.edu.pe\/index.php?rest_route=\/wp\/v2\/pages\/357\/revisions\/595"}],"wp:attachment":[{"href":"https:\/\/ciencias.lamolina.edu.pe\/index.php?rest_route=%2Fwp%2Fv2%2Fmedia&parent=357"}],"curies":[{"name":"wp","href":"https:\/\/api.w.org\/{rel}","templated":true}]}}