{"id":249,"date":"2022-11-18T01:00:17","date_gmt":"2022-11-18T01:00:17","guid":{"rendered":"http:\/\/ciencias.lamolina.edu.pe\/?page_id=249"},"modified":"2023-01-03T19:59:48","modified_gmt":"2023-01-03T19:59:48","slug":"cambio-climatico","status":"publish","type":"page","link":"https:\/\/ciencias.lamolina.edu.pe\/?page_id=249","title":{"rendered":"CAMBIO CLIM\u00c1TICO"},"content":{"rendered":"<p>[et_pb_section fb_built=&#8221;1&#8243; _builder_version=&#8221;4.18.1&#8243; _module_preset=&#8221;default&#8221; custom_padding=&#8221;4px|||||&#8221; locked=&#8221;off&#8221; global_colors_info=&#8221;{}&#8221;][et_pb_row use_custom_gutter=&#8221;on&#8221; _builder_version=&#8221;4.18.1&#8243; _module_preset=&#8221;default&#8221; width=&#8221;100%&#8221; max_width=&#8221;2560px&#8221; min_height=&#8221;259px&#8221; custom_padding=&#8221;0px|||||&#8221; global_colors_info=&#8221;{}&#8221;][et_pb_column type=&#8221;4_4&#8243; _builder_version=&#8221;4.18.1&#8243; _module_preset=&#8221;default&#8221; global_colors_info=&#8221;{}&#8221;][et_pb_image src=&#8221;https:\/\/ciencias.lamolina.edu.pe\/wp-content\/uploads\/2022\/11\/c_lineas_investigacion.jpg&#8221; _builder_version=&#8221;4.19.1&#8243; _module_preset=&#8221;default&#8221; global_colors_info=&#8221;{}&#8221;][\/et_pb_image][\/et_pb_column][\/et_pb_row][et_pb_row use_custom_gutter=&#8221;on&#8221; gutter_width=&#8221;1&#8243; _builder_version=&#8221;4.18.1&#8243; _module_preset=&#8221;default&#8221; width=&#8221;58%&#8221; max_width=&#8221;65%&#8221; custom_margin=&#8221;30px||13px||false|false&#8221; custom_padding=&#8221;4px||4px||false|false&#8221; locked=&#8221;off&#8221; global_colors_info=&#8221;{}&#8221;][et_pb_column type=&#8221;4_4&#8243; _builder_version=&#8221;4.18.1&#8243; _module_preset=&#8221;default&#8221; global_colors_info=&#8221;{}&#8221;][et_pb_text _builder_version=&#8221;4.19.1&#8243; _module_preset=&#8221;default&#8221; text_font=&#8221;Raleway|||on|||||&#8221; text_text_color=&#8221;#0066b1&#8243; text_font_size=&#8221;28px&#8221; text_orientation=&#8221;center&#8221; module_alignment=&#8221;center&#8221; global_colors_info=&#8221;{}&#8221;]<\/p>\n<p>CAMBIO CLIM\u00c1TICO<\/p>\n<p>[\/et_pb_text][et_pb_image src=&#8221;https:\/\/ciencias.lamolina.edu.pe\/wp-content\/uploads\/2022\/10\/pie1.webp&#8221; title_text=&#8221;pie1&#8243; align=&#8221;center&#8221; _builder_version=&#8221;4.18.1&#8243; _module_preset=&#8221;default&#8221; custom_margin=&#8221;2px||2px||true|false&#8221; global_colors_info=&#8221;{}&#8221;][\/et_pb_image][\/et_pb_column][\/et_pb_row][et_pb_row column_structure=&#8221;1_4,3_4&#8243; _builder_version=&#8221;4.19.1&#8243; _module_preset=&#8221;default&#8221; min_height=&#8221;54px&#8221; custom_margin=&#8221;|auto|-2px|auto||&#8221; global_colors_info=&#8221;{}&#8221;][et_pb_column type=&#8221;1_4&#8243; _builder_version=&#8221;4.19.1&#8243; _module_preset=&#8221;default&#8221; global_colors_info=&#8221;{}&#8221;][et_pb_icon font_icon=&#8221;&#x5a;||divi||400&#8243; icon_width=&#8221;40px&#8221; align=&#8221;right&#8221; _builder_version=&#8221;4.19.1&#8243; _module_preset=&#8221;default&#8221; global_colors_info=&#8221;{}&#8221;][\/et_pb_icon][\/et_pb_column][et_pb_column type=&#8221;3_4&#8243; _builder_version=&#8221;4.19.1&#8243; _module_preset=&#8221;default&#8221; global_colors_info=&#8221;{}&#8221;][et_pb_text _builder_version=&#8221;4.19.1&#8243; _module_preset=&#8221;default&#8221; text_font=&#8221;Raleway||||||||&#8221; text_font_size=&#8221;16px&#8221; text_orientation=&#8221;justified&#8221; min_height=&#8221;60.4px&#8221; custom_margin=&#8221;8px||8px||true|false&#8221; custom_padding=&#8221;0px|142px|0px|||&#8221; global_colors_info=&#8221;{}&#8221;]<\/p>\n<p style=\"text-align: justify;\">Generar escenarios clim\u00e1ticos utilizando modelos clim\u00e1ticos, con el prop\u00f3sito de elaborar propuestas de adaptaci\u00f3n y mitigaci\u00f3n en las actividades agr\u00edcolas y pecuarias.<\/p>\n<p style=\"text-align: justify;\">[\/et_pb_text][\/et_pb_column][\/et_pb_row][et_pb_row column_structure=&#8221;1_4,3_4&#8243; _builder_version=&#8221;4.19.1&#8243; _module_preset=&#8221;default&#8221; min_height=&#8221;100px&#8221; custom_margin=&#8221;-58px|auto|-2px|auto||&#8221; locked=&#8221;off&#8221; global_colors_info=&#8221;{}&#8221;][et_pb_column type=&#8221;1_4&#8243; _builder_version=&#8221;4.19.1&#8243; _module_preset=&#8221;default&#8221; global_colors_info=&#8221;{}&#8221;][et_pb_icon font_icon=&#8221;&#x5a;||divi||400&#8243; icon_width=&#8221;40px&#8221; align=&#8221;right&#8221; _builder_version=&#8221;4.19.1&#8243; _module_preset=&#8221;default&#8221; global_colors_info=&#8221;{}&#8221;][\/et_pb_icon][\/et_pb_column][et_pb_column type=&#8221;3_4&#8243; _builder_version=&#8221;4.19.1&#8243; _module_preset=&#8221;default&#8221; global_colors_info=&#8221;{}&#8221;][et_pb_text _builder_version=&#8221;4.19.1&#8243; _module_preset=&#8221;default&#8221; text_font=&#8221;Raleway||||||||&#8221; text_font_size=&#8221;16px&#8221; text_orientation=&#8221;justified&#8221; min_height=&#8221;60.4px&#8221; custom_margin=&#8221;8px||8px||true|false&#8221; custom_padding=&#8221;0px|142px|0px|||&#8221; global_colors_info=&#8221;{}&#8221;]<\/p>\n<p style=\"text-align: justify;\">Estudiar anomal\u00edas clim\u00e1ticas como son: el fen\u00f3meno \u201cEl Ni\u00f1o\u201d, fr\u00edajes, y eventos extremos de precipitaci\u00f3n, utilizando tecnolog\u00edas de inteligencia artificial, aprendizaje autom\u00e1tico (\u201cmachine learning\u201d), y redes neuronales.<\/p>\n<p>&nbsp;<\/p>\n<p>[\/et_pb_text][\/et_pb_column][\/et_pb_row][et_pb_row _builder_version=&#8221;4.19.4&#8243; _module_preset=&#8221;default&#8221; column_structure=&#8221;3_4,1_4&#8243;][et_pb_column _builder_version=&#8221;4.19.4&#8243; _module_preset=&#8221;default&#8221; type=&#8221;3_4&#8243;][\/et_pb_column][et_pb_column _builder_version=&#8221;4.19.4&#8243; _module_preset=&#8221;default&#8221; type=&#8221;1_4&#8243;][et_pb_button button_url=&#8221;@ET-DC@eyJkeW5hbWljIjp0cnVlLCJjb250ZW50IjoicG9zdF9saW5rX3VybF9wYWdlIiwic2V0dGluZ3MiOnsicG9zdF9pZCI6IjIxOCJ9fQ==@&#8221; button_text=&#8221;IR AL INICIO&#8221; _builder_version=&#8221;4.19.4&#8243; _dynamic_attributes=&#8221;button_url&#8221; _module_preset=&#8221;default&#8221; global_colors_info=&#8221;{}&#8221; locked=&#8221;off&#8221;][\/et_pb_button][\/et_pb_column][\/et_pb_row][\/et_pb_section]<\/p>\n","protected":false},"excerpt":{"rendered":"<p>CAMBIO CLIM\u00c1TICOGenerar escenarios clim\u00e1ticos utilizando modelos clim\u00e1ticos, con el prop\u00f3sito de elaborar propuestas de adaptaci\u00f3n y mitigaci\u00f3n en las actividades agr\u00edcolas y pecuarias. Estudiar anomal\u00edas clim\u00e1ticas como son: el fen\u00f3meno \u201cEl Ni\u00f1o\u201d, fr\u00edajes, y eventos extremos de precipitaci\u00f3n, utilizando tecnolog\u00edas de inteligencia artificial, aprendizaje autom\u00e1tico (\u201cmachine learning\u201d), y redes neuronales. &nbsp;<\/p>\n","protected":false},"author":1,"featured_media":0,"parent":0,"menu_order":0,"comment_status":"closed","ping_status":"closed","template":"","meta":{"_et_pb_use_builder":"on","_et_pb_old_content":"","_et_gb_content_width":"","om_disable_all_campaigns":false},"_links":{"self":[{"href":"https:\/\/ciencias.lamolina.edu.pe\/index.php?rest_route=\/wp\/v2\/pages\/249"}],"collection":[{"href":"https:\/\/ciencias.lamolina.edu.pe\/index.php?rest_route=\/wp\/v2\/pages"}],"about":[{"href":"https:\/\/ciencias.lamolina.edu.pe\/index.php?rest_route=\/wp\/v2\/types\/page"}],"author":[{"embeddable":true,"href":"https:\/\/ciencias.lamolina.edu.pe\/index.php?rest_route=\/wp\/v2\/users\/1"}],"replies":[{"embeddable":true,"href":"https:\/\/ciencias.lamolina.edu.pe\/index.php?rest_route=%2Fwp%2Fv2%2Fcomments&post=249"}],"version-history":[{"count":3,"href":"https:\/\/ciencias.lamolina.edu.pe\/index.php?rest_route=\/wp\/v2\/pages\/249\/revisions"}],"predecessor-version":[{"id":591,"href":"https:\/\/ciencias.lamolina.edu.pe\/index.php?rest_route=\/wp\/v2\/pages\/249\/revisions\/591"}],"wp:attachment":[{"href":"https:\/\/ciencias.lamolina.edu.pe\/index.php?rest_route=%2Fwp%2Fv2%2Fmedia&parent=249"}],"curies":[{"name":"wp","href":"https:\/\/api.w.org\/{rel}","templated":true}]}}