{"id":212,"date":"2022-11-02T08:22:15","date_gmt":"2022-11-02T08:22:15","guid":{"rendered":"http:\/\/ciencias.lamolina.edu.pe\/?page_id=212"},"modified":"2025-05-19T20:10:33","modified_gmt":"2025-05-19T20:10:33","slug":"comisiones","status":"publish","type":"page","link":"https:\/\/ciencias.lamolina.edu.pe\/?page_id=212","title":{"rendered":"COMISIONES"},"content":{"rendered":"<p>[et_pb_section fb_built=&#8221;1&#8243; _builder_version=&#8221;4.18.1&#8243; _module_preset=&#8221;default&#8221; custom_padding=&#8221;4px|||||&#8221; locked=&#8221;off&#8221; global_colors_info=&#8221;{}&#8221;][et_pb_row use_custom_gutter=&#8221;on&#8221; _builder_version=&#8221;4.18.1&#8243; _module_preset=&#8221;default&#8221; width=&#8221;100%&#8221; max_width=&#8221;2560px&#8221; min_height=&#8221;259px&#8221; custom_padding=&#8221;0px|||||&#8221; global_colors_info=&#8221;{}&#8221;][et_pb_column type=&#8221;4_4&#8243; _builder_version=&#8221;4.18.1&#8243; _module_preset=&#8221;default&#8221; global_colors_info=&#8221;{}&#8221;][et_pb_image src=&#8221;https:\/\/ciencias.lamolina.edu.pe\/wp-content\/uploads\/2022\/11\/nos.jpg&#8221; title_text=&#8221;nos&#8221; _builder_version=&#8221;4.18.1&#8243; _module_preset=&#8221;default&#8221; global_colors_info=&#8221;{}&#8221;][\/et_pb_image][\/et_pb_column][\/et_pb_row][et_pb_row use_custom_gutter=&#8221;on&#8221; gutter_width=&#8221;1&#8243; _builder_version=&#8221;4.18.1&#8243; _module_preset=&#8221;default&#8221; width=&#8221;58%&#8221; max_width=&#8221;65%&#8221; custom_margin=&#8221;30px||13px||false|false&#8221; custom_padding=&#8221;4px||4px||false|false&#8221; locked=&#8221;off&#8221; global_colors_info=&#8221;{}&#8221;][et_pb_column type=&#8221;4_4&#8243; _builder_version=&#8221;4.18.1&#8243; _module_preset=&#8221;default&#8221; global_colors_info=&#8221;{}&#8221;][et_pb_text _builder_version=&#8221;4.18.1&#8243; _module_preset=&#8221;default&#8221; text_font=&#8221;Raleway|||on|||||&#8221; text_text_color=&#8221;#0066b1&#8243; text_font_size=&#8221;28px&#8221; text_orientation=&#8221;center&#8221; module_alignment=&#8221;center&#8221; global_colors_info=&#8221;{}&#8221;]<\/p>\n<p>COMISIONES<\/p>\n<p>[\/et_pb_text][et_pb_image src=&#8221;https:\/\/ciencias.lamolina.edu.pe\/wp-content\/uploads\/2022\/10\/pie1.webp&#8221; title_text=&#8221;pie1&#8243; align=&#8221;center&#8221; _builder_version=&#8221;4.18.1&#8243; _module_preset=&#8221;default&#8221; custom_margin=&#8221;2px||2px||true|false&#8221; global_colors_info=&#8221;{}&#8221;][\/et_pb_image][et_pb_toggle title=&#8221;Comisi\u00f3n de Infraestructura&#8221; open_toggle_text_color=&#8221;#0C71C3&#8243; closed_toggle_text_color=&#8221;#0C71C3&#8243; icon_color=&#8221;#0C71C3&#8243; _builder_version=&#8221;4.19.4&#8243; _module_preset=&#8221;default&#8221; title_text_color=&#8221;#0C71C3&#8243; title_font_size=&#8221;18px&#8221; body_text_color=&#8221;#000000&#8243; body_font_size=&#8221;16px&#8221; min_height=&#8221;19px&#8221; custom_margin=&#8221;-1px|||||&#8221; border_color_all=&#8221;#0C71C3&#8243; global_colors_info=&#8221;{}&#8221;]<\/p>\n<p>Per\u00edodo de vigencia: 01 a\u00f1o desde 06 de setiembre del 2024<\/p>\n<p><strong>DEPARTAMENTO ACAD\u00c9MICO DE BIOLOG\u00cdA<\/strong><\/p>\n<ul>\n<li>Ph.D. Roberto Carlos Mansilla Samaniego<\/li>\n<li>Ph.D. Alfredo Salom\u00f3n Rodr\u00edguez Delf\u00edn<\/li>\n<li>Mg.Sc. Ayling Wetzell Canales-Springett<\/li>\n<\/ul>\n<p><strong>DEPARTAMENTO ACAD\u00c9MICO DE F\u00cdSICA Y METEOROLOG\u00cdA<\/strong><\/p>\n<ul>\n<li>Mg.Sc. Victoria Doris Calle Montes<\/li>\n<li>Dr. Oscar Tang Cruz (\u00e1rea de F\u00edsica)<\/li>\n<li>Dr. Alexis Iba\u00f1ez Blancas (\u00e1rea de Meteorolog\u00eda y Gesti\u00f3n de Riesgos Clim\u00e1ticos)<\/li>\n<\/ul>\n<p><strong>DEPARTAMENTO ACAD\u00c9MICO DE INGENIER\u00cdA AMBIENTAL<\/strong><\/p>\n<ul>\n<li>Ph.D. Diego Sotomayor Melo<\/li>\n<li>Mg.Sc. Wilfredo Celestino Balde\u00f3n Quispe<\/li>\n<\/ul>\n<p><strong>DEPARTAMENTO ACAD\u00c9MICO DE MATEM\u00c1TICA<\/strong><\/p>\n<ul>\n<li>Mg.Sc. Alessandri Canchoa Quispe<\/li>\n<li>Ing. Augusto Guaylupo Curay<\/li>\n<\/ul>\n<p><strong>DEPARTAMENTO ACAD\u00c9MICO DE QU\u00cdMICA<\/strong><\/p>\n<ul>\n<li>Ph.D. Clara Gabina Figueroa Cornejo<\/li>\n<li>Ph.D. Paola Aurelia Jorge Montalvo<\/li>\n<li>Dr. V\u00edctor Augusto Caro S\u00e1nchez Benites<\/li>\n<\/ul>\n<p><em>Resoluci\u00f3n FC-0495-2024<\/em><\/p>\n<p>[\/et_pb_toggle][et_pb_toggle title=&#8221;Comisi\u00f3n de Evaluaci\u00f3n Docente (CED)&#8221; open_toggle_text_color=&#8221;#0C71C3&#8243; closed_toggle_text_color=&#8221;#0C71C3&#8243; icon_color=&#8221;#0C71C3&#8243; _builder_version=&#8221;4.19.4&#8243; _module_preset=&#8221;default&#8221; title_text_color=&#8221;#0C71C3&#8243; title_font_size=&#8221;18px&#8221; body_text_color=&#8221;#000000&#8243; body_font_size=&#8221;16px&#8221; border_color_all=&#8221;#0C71C3&#8243; global_colors_info=&#8221;{}&#8221;]<\/p>\n<p>Per\u00edodo de vigencia: 02 a\u00f1os desde 17 de octubre del 2024<\/p>\n<ul>\n<li>\n<p><span style=\"color: #333333;\">Mg.Sc. Jer\u00f3nimo Garc\u00eda Villanueva\u00a0 (Dpto. Acad\u00e9mico de F\u00edsica y Meteorolog\u00eda)<\/span><\/p>\n<\/li>\n<li>\n<p><span style=\"color: #333333;\">Mg.Sc.V\u00edctor Ra\u00fal Miyashiro Kiyan\u00a0 (Dpto. Acad\u00e9mico de Ing. Ambiental)<\/span><\/p>\n<\/li>\n<li>\n<p><span style=\"color: #333333;\">Mg. Aldo Alcides Mendoza Uribe\u00a0 \u00a0 (Dpto. Acad\u00e9mico de Matem\u00e1tica<\/span><\/p>\n<\/li>\n<li>\n<p><span style=\"color: #333333;\">Dra. Claudia Cecilia Caro Vera\u00a0 \u00a0 \u00a0 \u00a0 \u00a0(Dpto. Acad\u00e9mico de Biolog\u00eda)<\/span><\/p>\n<\/li>\n<li>Ph.D. Mar\u00eda Cecilia Alegr\u00eda Arnedo (Dpto. Acad\u00e9mico de Qu\u00edmica)<\/li>\n<\/ul>\n<p><span style=\"color: #333333;\"><em>Resoluci\u00f3n FC-0224-2025<\/em><\/span><\/p>\n<p>[\/et_pb_toggle][et_pb_toggle title=&#8221;Comisi\u00f3n de Imagen y Proyecci\u00f3n&#8221; open_toggle_text_color=&#8221;#0C71C3&#8243; closed_toggle_text_color=&#8221;#0C71C3&#8243; icon_color=&#8221;#0C71C3&#8243; _builder_version=&#8221;4.19.4&#8243; _module_preset=&#8221;default&#8221; title_text_color=&#8221;#0C71C3&#8243; title_font_size=&#8221;18px&#8221; body_text_color=&#8221;#000000&#8243; body_font_size=&#8221;16px&#8221; border_color_all=&#8221;#0C71C3&#8243; global_colors_info=&#8221;{}&#8221;]<\/p>\n<p>Per\u00edodo de vigencia: Desde el 11 de julio del 2024<\/p>\n<ul>\n<li>Mg. Juan Manuel Rojas Pesantes<\/li>\n<li>Mg.Sc. Vanessa Sober\u00f3n Forsberg<\/li>\n<li>Ph.D. Alfredo Rodr\u00edguez Delf\u00edn<\/li>\n<li>Mg.Quim. Joel Claudio Rengifo Maravi<\/li>\n<li>Mg. Mar\u00eda del Pilar Salazar D\u00e1vila<\/li>\n<li>Dra. Rosa Amelia Espejo Joya Representante de FC<\/li>\n<\/ul>\n<p><em>Resoluci\u00f3n FC-0519-2024<\/em><\/p>\n<p>[\/et_pb_toggle][et_pb_toggle title=&#8221;Comisi\u00f3n de Curriculum&#8221; open_toggle_text_color=&#8221;#0C71C3&#8243; closed_toggle_text_color=&#8221;#0C71C3&#8243; icon_color=&#8221;#0C71C3&#8243; _builder_version=&#8221;4.19.4&#8243; _module_preset=&#8221;default&#8221; title_text_color=&#8221;#0C71C3&#8243; title_font_size=&#8221;18px&#8221; body_text_color=&#8221;#000000&#8243; body_font_size=&#8221;16px&#8221; border_color_all=&#8221;#0C71C3&#8243; global_colors_info=&#8221;{}&#8221;]<\/p>\n<p>Per\u00edodo de vigencia: 01 a\u00f1o desde 10 de julio del 2024<strong><\/strong><\/p>\n<p><strong><\/strong><\/p>\n<p><strong>COMISI\u00d3N DE CURRICULUM-BIOLOG\u00cdA <\/strong><\/p>\n<ul>\n<li>D. Viviana Patricia Castro Cepero (Presidenta)<\/li>\n<li>Fabiola Alexandra Parra<\/li>\n<li>Sc. Katty Ogata Guti\u00e9rrez<\/li>\n<li>D. Roberto Carlos Mansilla Samaniego<\/li>\n<li>Barbra Micaela Junek Pretzer<\/li>\n<li>Gian Piero Torres Iturrizaga<\/li>\n<\/ul>\n<p><strong>COMISI\u00d3N DE CURRICULUM-INGENIER\u00cdA AMBIENTAL <\/strong><\/p>\n<ul>\n<li>D. Diego Alejandro Sotomayor Melo<\/li>\n<li>Sc. V\u00edctor Ra\u00fal Miyashiro Kiyan<\/li>\n<li>Sc. Armando Javier Aramayo Bazzetti<\/li>\n<li>Sc. Miguel Quevedo Beltr\u00e1n (Presidente)<\/li>\n<li>Ver\u00f3nica Mar\u00eda Alvarado Ojeda<\/li>\n<li>Hugo Segovia Candia<\/li>\n<\/ul>\n<p><strong>COMISI\u00d3N DE CURRICULUM &#8211; INGENIER\u00cdA METEOROL\u00d3GICA Y GESTI\u00d3N DE RIESGOS CLIM\u00c1TICOS <\/strong><\/p>\n<ul>\n<li>Sc. Franklin Delio Unsihuay Tovar<\/li>\n<li>Sc. Weidi Flores Villanueva<\/li>\n<li>Alexis Nicol\u00e1s Ib\u00e1\u00f1ez Blancas<\/li>\n<li>Oscar Enrique Tang Cruz (Presidente)<\/li>\n<li>Andr\u00e9s Atilio Durand Cruces<\/li>\n<li>Milagros Evelyn Alejandr\u00eda Rom\u00e1n<\/li>\n<\/ul>\n<p>Resoluci\u00f3n FC-0443-2024<\/p>\n<p>[\/et_pb_toggle][et_pb_toggle title=&#8221;Comisi\u00f3n de Asuntos Acad\u00e9micos y Estudiantiles (CAAE)&#8221; open_toggle_text_color=&#8221;#0C71C3&#8243; closed_toggle_text_color=&#8221;#0C71C3&#8243; icon_color=&#8221;#0C71C3&#8243; _builder_version=&#8221;4.19.4&#8243; _module_preset=&#8221;default&#8221; title_text_color=&#8221;#0C71C3&#8243; title_font_size=&#8221;18px&#8221; body_text_color=&#8221;#000000&#8243; body_font_size=&#8221;16px&#8221; border_color_all=&#8221;#0C71C3&#8243; global_colors_info=&#8221;{}&#8221;]<\/p>\n<p>Per\u00edodo de vigencia: 01 a\u00f1o desde 10 de julio del 2024<strong><\/strong><\/p>\n<p><strong><\/strong><\/p>\n<p><strong>COMISI\u00d3N DE ASUNTOS ACAD\u00c9MICOS Y ESTUDIANTILES <\/strong>&#8211; <strong>BIOLOG\u00cdA <\/strong><\/p>\n<ul>\n<li>Dra. Ilanit Samolski Klein<\/li>\n<li>Dra. Fabiola Alexandra Parra Rondinel<\/li>\n<li>Dra. Claudia Cecilia Caro Vera<\/li>\n<li>Cs. Yvette Lude\u00f1a Hinojosa<\/li>\n<li>Est. Ariadna del Carmen Maldonado Moreyra<\/li>\n<li>Est. Sandy Noelia Leon Ruiz<\/li>\n<\/ul>\n<p>\u00a0<strong>COMISI\u00d3N DE ASUNTOS ACAD\u00c9MICOS Y ESTUDIANTILES <\/strong>&#8211; <strong>INGENIER\u00cdA AMBIENTAL <\/strong><\/p>\n<ul>\n<li>Dra. Rosemary Vela Cardich<\/li>\n<li>Mg.Sc. Wilfredo Celestino Balde\u00f3n Quispe<\/li>\n<li>Mg.Sc. Vanessa Soberon Forsberg<\/li>\n<li>Ing. Erik C\u00f3rdova Chuquival<\/li>\n<li>Est. Andrea Nicole Villalva Moscoso<\/li>\n<li>Est. Jos\u00e9 Mart\u00ednez Apaza<\/li>\n<\/ul>\n<p>\u00a0<strong>COMISI\u00d3N DE ASUNTOS ACAD\u00c9MICOS Y ESTUDIANTILES- INGENIER\u00cdA METEOROL\u00d3GICA Y GESTI\u00d3N DE RIESGOS CLIM\u00c1TICOS <\/strong><\/p>\n<ul>\n<li>Mg.Sc. Eusebio Idelmo Cisneros Tarme\u00f1o<\/li>\n<li>Mg.Sc. Julio Alfonso Arakaki Kiyan<\/li>\n<li>Ing. H\u00e9ctor Huisacaina Soto<\/li>\n<li>Maest. Oscar Enrique Tang Cruz<\/li>\n<li>Est. Analy Yanile Avalos Quispe<\/li>\n<li>Est. Ester Huamani M\u00e9ndez<\/li>\n<\/ul>\n<p><em>Resoluci\u00f3n FC-0442-2024<\/em><\/p>\n<p>[\/et_pb_toggle][et_pb_toggle title=&#8221;Comisi\u00f3n de Pr\u00e1cticas Pre-Profesionales&#8221; open_toggle_text_color=&#8221;#0C71C3&#8243; closed_toggle_text_color=&#8221;#0C71C3&#8243; icon_color=&#8221;#0C71C3&#8243; _builder_version=&#8221;4.19.4&#8243; _module_preset=&#8221;default&#8221; title_text_color=&#8221;#0C71C3&#8243; title_font_size=&#8221;18px&#8221; body_text_color=&#8221;#000000&#8243; body_font_size=&#8221;16px&#8221; border_color_all=&#8221;#0C71C3&#8243; global_colors_info=&#8221;{}&#8221;]<\/p>\n<p>Per\u00edodo de vigencia: 01 a\u00f1o desde 10 de julio del 2024<strong><\/strong><\/p>\n<p><strong><\/strong><\/p>\n<p><strong>COMISI\u00d3N DE PR\u00c1CTICAS PRE PROFESIONALES -BIOLOG\u00cdA <\/strong><\/p>\n<ul>\n<li>M. Cs. Yvette Lude\u00f1a Hinojosa<\/li>\n<li>Dra. Claudia Cecilia Caro Vera<\/li>\n<\/ul>\n<p><strong>COMISI\u00d3N DE PR\u00c1CTICAS PRE PROFESIONALES -INGENIER\u00cdA AMBIENTAL <\/strong><\/p>\n<ul>\n<li>Dra. Fanny Mabel Carhuancho Le\u00f3n<\/li>\n<li>Ing. Lawrence Enrique Quipuzco Ush\u00f1ahua<\/li>\n<\/ul>\n<p><strong>COMISI\u00d3N DE PR\u00c1CTICAS PRE PROFESIONALES &#8211; INGENIER\u00cdA METEOROL\u00d3GICA Y GESTI\u00d3N DE RIESGOS CLIM\u00c1TICOS <\/strong><\/p>\n<ul>\n<li>Dr. Alexis Ib\u00e1\u00f1ez Blancas<\/li>\n<li>Mg. Mart\u00edn Sandoval Casas<\/li>\n<\/ul>\n<p><em>Resoluci\u00f3n FC-0446-2024<\/em><\/p>\n<p>[\/et_pb_toggle][et_pb_toggle title=&#8221;Comisi\u00f3n Acad\u00e9mica y Consejer\u00eda&#8221; open_toggle_text_color=&#8221;#0C71C3&#8243; closed_toggle_text_color=&#8221;#0C71C3&#8243; icon_color=&#8221;#0C71C3&#8243; _builder_version=&#8221;4.19.4&#8243; _module_preset=&#8221;default&#8221; title_text_color=&#8221;#0C71C3&#8243; title_font_size=&#8221;18px&#8221; body_text_color=&#8221;#000000&#8243; body_font_size=&#8221;16px&#8221; border_color_all=&#8221;#0C71C3&#8243; global_colors_info=&#8221;{}&#8221;]<\/p>\n<p>Per\u00edodo de vigencia: 03 a\u00f1os desde el 10 de julio del 2023<strong><\/strong><\/p>\n<p><strong><\/strong><\/p>\n<p><strong>COORDINADOR DE TUTOR\u00cdA ACAD\u00c9MICA Y DE CONSEJER\u00cdA-BIOLOG\u00cdA <\/strong><\/p>\n<ul>\n<li>Mg.Sc. Mar\u00eda del Rosario Josefina Castro Mu\u00f1oz<\/li>\n<li>Biol. Richar Joel Morales Rodr\u00edguez<\/li>\n<\/ul>\n<p>\u00a0<strong>COORDINADOR DE TUTOR\u00cdA ACAD\u00c9MICA Y DE CONSEJER\u00cdA-INGENIER\u00cdA AMBIENTAL <\/strong><\/p>\n<ul>\n<li>Mg.Sc. Armando Javier Aramayo Bazzetti<\/li>\n<li>Mg.Sc. Miguel Quevedo Beltr\u00e1n<\/li>\n<\/ul>\n<p>\u00a0<strong>COORDINADOR DE TUTOR\u00cdA ACAD\u00c9MICA Y DE CONSEJER\u00cdA- INGENIER\u00cdA METEOROL\u00d3GICA Y GESTI\u00d3N DE RIESGOS CLIM\u00c1TICOS <\/strong><\/p>\n<ul>\n<li>Mg. Sc. Juan Manuel Pesantes Rojas<\/li>\n<li>Lic. Fis. Julio C\u00e9sar Chapo\u00f1an Sandoval<\/li>\n<\/ul>\n<p><em>Resoluci\u00f3n FC-0335\/2023<\/em><\/p>\n<p>[\/et_pb_toggle][et_pb_toggle title=&#8221;Tribunal de Honor&#8221; open_toggle_text_color=&#8221;#0C71C3&#8243; closed_toggle_text_color=&#8221;#0C71C3&#8243; icon_color=&#8221;#0C71C3&#8243; _builder_version=&#8221;4.19.4&#8243; _module_preset=&#8221;default&#8221; title_text_color=&#8221;#0C71C3&#8243; title_font_size=&#8221;18px&#8221; body_text_color=&#8221;#000000&#8243; body_font_size=&#8221;16px&#8221; border_color_all=&#8221;#0C71C3&#8243; global_colors_info=&#8221;{}&#8221;]<\/p>\n<ul>\n<li>Dr. Alfredo Rodr\u00edguez Delf\u00edn<\/li>\n<li>Mg.Sc. Victoria Calle Montes<\/li>\n<li>Mg.Quim. Mary Flor C\u00e9sare Coral<\/li>\n<\/ul>\n<p><em>Resoluci\u00f3n FC-0247\/2023<\/em><\/p>\n<p>[\/et_pb_toggle][et_pb_toggle title=&#8221;Unidad de Estudios Generales&#8221; open_toggle_text_color=&#8221;#0C71C3&#8243; closed_toggle_text_color=&#8221;#0C71C3&#8243; icon_color=&#8221;#0C71C3&#8243; _builder_version=&#8221;4.19.4&#8243; _module_preset=&#8221;default&#8221; title_text_color=&#8221;#0C71C3&#8243; title_font_size=&#8221;18px&#8221; body_text_color=&#8221;#000000&#8243; body_font_size=&#8221;16px&#8221; border_color_all=&#8221;#0C71C3&#8243; global_colors_info=&#8221;{}&#8221;]<\/p>\n<div>Per\u00edodo de vigencia: 02 a\u00f1os desde el 13 de marzo de 2024<\/div>\n<div><\/div>\n<div><strong>DEPARTAMENTO ACAD\u00c9MICO DE BIOLOG\u00cdA<\/strong><\/div>\n<div><\/div>\n<ul>\n<li>Ph.D. Roberto Carlos Mansilla Samaniego (Representante del Dpto. Acad\u00e9mico)\u00a0<\/li>\n<li>Ph.D. Diana Zulema Quinteros Carlos (Representante de la Carrera)<\/li>\n<\/ul>\n<div><span> <\/span><\/div>\n<div><strong>DEPARTAMENTO ACAD\u00c9MICO DE F\u00cdSICA Y METEOROLOG\u00cdA<\/strong><\/div>\n<div><\/div>\n<ul>\n<li>Mg.Sc. Oscar Enrique Tang Cruz (Representante del Dpto. Acad\u00e9mico)<\/li>\n<li>Mg.Sc. Franklin Delio Unsihuay Tovar (Representante de la Carrera)<\/li>\n<\/ul>\n<div><span> <\/span><\/div>\n<div><strong>DEPARTAMENTO ACAD\u00c9MICO DE INGENIER\u00cdA AMBIENTAL<\/strong><\/div>\n<div><\/div>\n<ul>\n<li>Mg.Sc. Armando Javier Aramayo Bazzetti (Representante de la Carrera)<\/li>\n<\/ul>\n<div><span> <\/span><\/div>\n<div><strong>DEPARTAMENTO ACAD\u00c9MICO DE QU\u00cdMICA<\/strong><\/div>\n<div><\/div>\n<ul>\n<li>Mg.Sc. Juan Carlos Palma (Representante del Dpto. Acad\u00e9mico)<\/li>\n<\/ul>\n<div><span> <\/span><\/div>\n<div><strong>DEPARTAMENTO ACAD\u00c9MICO DE MATEM\u00c1TICA<\/strong><\/div>\n<div><\/div>\n<ul>\n<li>Mg. Roc\u00edo Consuelo Delgado Aguilar (Representante del Dpto. Acad\u00e9mico)<\/li>\n<\/ul>\n<div><\/div>\n<div><em>Resoluci\u00f3n FC-0097-2024<\/em><\/div>\n<p>[\/et_pb_toggle][et_pb_toggle title=&#8221;Comit\u00e9 Evaluador para las Convocatorias de Becas e Intercambios&#8221; open_toggle_text_color=&#8221;#0C71C3&#8243; closed_toggle_text_color=&#8221;#0C71C3&#8243; icon_color=&#8221;#0C71C3&#8243; _builder_version=&#8221;4.19.4&#8243; _module_preset=&#8221;default&#8221; title_text_color=&#8221;#0C71C3&#8243; title_font_size=&#8221;18px&#8221; body_text_color=&#8221;#000000&#8243; body_font_size=&#8221;16px&#8221; border_color_all=&#8221;#0C71C3&#8243; locked=&#8221;off&#8221; global_colors_info=&#8221;{}&#8221;]<\/p>\n<p>Per\u00edodo de vigencia: Desde el 27 de noviembre del 2024 al 31 de diciembre del 2025<\/p>\n<p><strong>CARRERA DE BIOLOG\u00cdA<\/strong><br \/>Ph.D. Viviana Patricia Castro Cepero<br \/>Mg.Sc. Katty Ogata Guti\u00e9rrez<\/p>\n<p><strong>CARRERA DE INGENIER\u00cdA AMBIENTAL<\/strong><br \/>Mg.Sc. Armando Javier Aramayo Bazzetti<br \/>Mg.Sc. Miguel Quevedo Beltr\u00e1n<\/p>\n<p><strong>CARRERA DE INGENIER\u00cdA METEOROL\u00d3GICA Y GESTI\u00d3N DE RIESGOS CLIM\u00c1TICOS<\/strong><br \/>Mg.Sc. Weidi Flores Villanueva<br \/>Dr. Alexis Nicol\u00e1s Ib\u00e1\u00f1ez Blancas<\/p>\n<p><em>Resoluci\u00f3n FC-0700-2024<\/em><\/p>\n<p>[\/et_pb_toggle][et_pb_toggle title=&#8221;Comit\u00e9 de Investigaci\u00f3n&#8221; open_toggle_text_color=&#8221;#0C71C3&#8243; closed_toggle_text_color=&#8221;#0C71C3&#8243; icon_color=&#8221;#0C71C3&#8243; _builder_version=&#8221;4.19.4&#8243; _module_preset=&#8221;default&#8221; title_text_color=&#8221;#0C71C3&#8243; title_font_size=&#8221;18px&#8221; body_text_color=&#8221;#000000&#8243; body_font_size=&#8221;16px&#8221; border_color_all=&#8221;#0C71C3&#8243; locked=&#8221;off&#8221; global_colors_info=&#8221;{}&#8221;]<\/p>\n<p>Per\u00edodo de vigencia: 01 a\u00f1o desde 01 de agosto del 2024<\/p>\n<p><strong>COMIT\u00c9 DE INVESTIGACI\u00d3N-FC<\/strong><\/p>\n<ul>\n<li>D. Roberto Carlos Mansilla Samaniego<\/li>\n<li>Jer\u00f3nimo Garc\u00eda Villanueva<\/li>\n<li>Lawrence Quipuzco Ush\u00f1ahua<\/li>\n<li>D. Ana Akemi Kitazono Sugahara<\/li>\n<li>Alessandri Canchoa Quispe<\/li>\n<\/ul>\n<p><em>Resoluci\u00f3n FC-0440-2024<\/em><\/p>\n<p>[\/et_pb_toggle][\/et_pb_column][\/et_pb_row][\/et_pb_section]<\/p>\n","protected":false},"excerpt":{"rendered":"<p>COMISIONESPer\u00edodo de vigencia: 01 a\u00f1o desde 06 de setiembre del 2024 DEPARTAMENTO ACAD\u00c9MICO DE BIOLOG\u00cdA Ph.D. Roberto Carlos Mansilla Samaniego Ph.D. Alfredo Salom\u00f3n Rodr\u00edguez Delf\u00edn Mg.Sc. Ayling Wetzell Canales-Springett DEPARTAMENTO ACAD\u00c9MICO DE F\u00cdSICA Y METEOROLOG\u00cdA Mg.Sc. Victoria Doris Calle Montes Dr. Oscar Tang Cruz (\u00e1rea de F\u00edsica) Dr. Alexis Iba\u00f1ez Blancas (\u00e1rea de Meteorolog\u00eda y [&hellip;]<\/p>\n","protected":false},"author":1,"featured_media":0,"parent":0,"menu_order":0,"comment_status":"closed","ping_status":"closed","template":"","meta":{"_et_pb_use_builder":"on","_et_pb_old_content":"","_et_gb_content_width":"","om_disable_all_campaigns":false},"_links":{"self":[{"href":"https:\/\/ciencias.lamolina.edu.pe\/index.php?rest_route=\/wp\/v2\/pages\/212"}],"collection":[{"href":"https:\/\/ciencias.lamolina.edu.pe\/index.php?rest_route=\/wp\/v2\/pages"}],"about":[{"href":"https:\/\/ciencias.lamolina.edu.pe\/index.php?rest_route=\/wp\/v2\/types\/page"}],"author":[{"embeddable":true,"href":"https:\/\/ciencias.lamolina.edu.pe\/index.php?rest_route=\/wp\/v2\/users\/1"}],"replies":[{"embeddable":true,"href":"https:\/\/ciencias.lamolina.edu.pe\/index.php?rest_route=%2Fwp%2Fv2%2Fcomments&post=212"}],"version-history":[{"count":23,"href":"https:\/\/ciencias.lamolina.edu.pe\/index.php?rest_route=\/wp\/v2\/pages\/212\/revisions"}],"predecessor-version":[{"id":950,"href":"https:\/\/ciencias.lamolina.edu.pe\/index.php?rest_route=\/wp\/v2\/pages\/212\/revisions\/950"}],"wp:attachment":[{"href":"https:\/\/ciencias.lamolina.edu.pe\/index.php?rest_route=%2Fwp%2Fv2%2Fmedia&parent=212"}],"curies":[{"name":"wp","href":"https:\/\/api.w.org\/{rel}","templated":true}]}}