{"id":194,"date":"2022-11-02T07:44:27","date_gmt":"2022-11-02T07:44:27","guid":{"rendered":"http:\/\/ciencias.lamolina.edu.pe\/?page_id=194"},"modified":"2025-03-24T20:00:43","modified_gmt":"2025-03-24T20:00:43","slug":"nosotros-presentacion","status":"publish","type":"page","link":"https:\/\/ciencias.lamolina.edu.pe\/?page_id=194","title":{"rendered":"NOSOTROS &#8211; Presentaci\u00f3n"},"content":{"rendered":"<p>[et_pb_section fb_built=&#8221;1&#8243; _builder_version=&#8221;4.18.1&#8243; _module_preset=&#8221;default&#8221; custom_padding=&#8221;4px|||||&#8221; locked=&#8221;off&#8221; global_colors_info=&#8221;{}&#8221;][et_pb_row use_custom_gutter=&#8221;on&#8221; _builder_version=&#8221;4.18.1&#8243; _module_preset=&#8221;default&#8221; width=&#8221;100%&#8221; max_width=&#8221;2560px&#8221; min_height=&#8221;259px&#8221; custom_padding=&#8221;0px|||||&#8221; global_colors_info=&#8221;{}&#8221;][et_pb_column type=&#8221;4_4&#8243; _builder_version=&#8221;4.18.1&#8243; _module_preset=&#8221;default&#8221; global_colors_info=&#8221;{}&#8221;][et_pb_image src=&#8221;https:\/\/ciencias.lamolina.edu.pe\/wp-content\/uploads\/2022\/11\/nos.jpg&#8221; title_text=&#8221;nos&#8221; _builder_version=&#8221;4.18.1&#8243; _module_preset=&#8221;default&#8221; global_colors_info=&#8221;{}&#8221;][\/et_pb_image][\/et_pb_column][\/et_pb_row][et_pb_row use_custom_gutter=&#8221;on&#8221; gutter_width=&#8221;1&#8243; _builder_version=&#8221;4.18.1&#8243; _module_preset=&#8221;default&#8221; width=&#8221;58%&#8221; max_width=&#8221;65%&#8221; custom_margin=&#8221;30px||13px||false|false&#8221; custom_padding=&#8221;4px||4px||false|false&#8221; locked=&#8221;off&#8221; global_colors_info=&#8221;{}&#8221;][et_pb_column type=&#8221;4_4&#8243; _builder_version=&#8221;4.18.1&#8243; _module_preset=&#8221;default&#8221; global_colors_info=&#8221;{}&#8221;][et_pb_text _builder_version=&#8221;4.18.1&#8243; _module_preset=&#8221;default&#8221; text_font=&#8221;Raleway|||on|||||&#8221; text_text_color=&#8221;#0066b1&#8243; text_font_size=&#8221;28px&#8221; text_orientation=&#8221;center&#8221; module_alignment=&#8221;center&#8221; global_colors_info=&#8221;{}&#8221;]<\/p>\n<p>PRESENTACI\u00d3N<\/p>\n<p>[\/et_pb_text][et_pb_image src=&#8221;https:\/\/ciencias.lamolina.edu.pe\/wp-content\/uploads\/2022\/10\/pie1.webp&#8221; title_text=&#8221;pie1&#8243; align=&#8221;center&#8221; _builder_version=&#8221;4.18.1&#8243; _module_preset=&#8221;default&#8221; custom_margin=&#8221;2px||2px||true|false&#8221; global_colors_info=&#8221;{}&#8221;][\/et_pb_image][et_pb_text _builder_version=&#8221;4.19.4&#8243; _module_preset=&#8221;default&#8221; text_font=&#8221;Raleway||||||||&#8221; text_font_size=&#8221;16px&#8221; text_orientation=&#8221;justified&#8221; custom_margin=&#8221;43px||43px||true|false&#8221; hover_enabled=&#8221;0&#8243; global_colors_info=&#8221;{}&#8221; sticky_enabled=&#8221;0&#8243;]<\/p>\n<p style=\"text-align: justify;\">Con Resoluci\u00f3n Nro. 231\/UNA, de fecha 6 de febrero de 1961, se anuncia la creaci\u00f3n de la Facultad de Ciencias de la Universidad Nacional Agraria La Molina, oficializando el acuerdo tomado en el Consejo Universitario del 13 de enero del mismo a\u00f1o, quedando conformada por los Departamentos de Biolog\u00eda, Matem\u00e1tica; Qu\u00edmica, F\u00edsica y Meteorolog\u00eda.<\/p>\n<p>A lo largo de su historia han asumido la responsabilidad del Decanato 16 profesionales docentes de diferentes especialidades, siendo el Primer Decano el M\u00e9d. Vet. Federico Anavitarte, desde su creaci\u00f3n la Facultad de Ciencias ha tenido que enfrentar el doble compromiso, la formaci\u00f3n en ciencias b\u00e1sicas (casi todas experimentales) de todos los alumnos de la Universidad Nacional Agraria y tambi\u00e9n la administraci\u00f3n de las carreras que imparte, las que en la actualidad son Biolog\u00eda e Ingenier\u00eda Ambiental. La carrera profesional de Biolog\u00eda se inicia el a\u00f1o 1962, posteriormente en el a\u00f1o 1973 se aprueba el curr\u00edculo de Meteorolog\u00eda, luego en el a\u00f1o 1996 se aprueba el curr\u00edculo de Ingenier\u00eda Ambiental y a partir de 1997, no se abren vacantes para la carrera de Meteorolog\u00eda hasta la fecha. El a\u00f1o 1992 se realiza una actualizaci\u00f3n curricular, para las carreras de Biolog\u00eda y Meteorolog\u00eda.<\/p>\n<p>[\/et_pb_text][\/et_pb_column][\/et_pb_row][\/et_pb_section]<\/p>\n","protected":false},"excerpt":{"rendered":"<p>PRESENTACI\u00d3NCon Resoluci\u00f3n Nro. 231\/UNA, de fecha 6 de febrero de 1961, se anuncia la creaci\u00f3n de la Facultad de Ciencias de la Universidad Nacional Agraria La Molina, oficializando el acuerdo tomado en el Consejo Universitario del 13 de enero del mismo a\u00f1o, quedando conformada por los Departamentos de Biolog\u00eda, Matem\u00e1tica; Qu\u00edmica, F\u00edsica y Meteorolog\u00eda. A [&hellip;]<\/p>\n","protected":false},"author":1,"featured_media":0,"parent":0,"menu_order":0,"comment_status":"closed","ping_status":"closed","template":"","meta":{"_et_pb_use_builder":"on","_et_pb_old_content":"","_et_gb_content_width":"","om_disable_all_campaigns":false},"_links":{"self":[{"href":"https:\/\/ciencias.lamolina.edu.pe\/index.php?rest_route=\/wp\/v2\/pages\/194"}],"collection":[{"href":"https:\/\/ciencias.lamolina.edu.pe\/index.php?rest_route=\/wp\/v2\/pages"}],"about":[{"href":"https:\/\/ciencias.lamolina.edu.pe\/index.php?rest_route=\/wp\/v2\/types\/page"}],"author":[{"embeddable":true,"href":"https:\/\/ciencias.lamolina.edu.pe\/index.php?rest_route=\/wp\/v2\/users\/1"}],"replies":[{"embeddable":true,"href":"https:\/\/ciencias.lamolina.edu.pe\/index.php?rest_route=%2Fwp%2Fv2%2Fcomments&post=194"}],"version-history":[{"count":3,"href":"https:\/\/ciencias.lamolina.edu.pe\/index.php?rest_route=\/wp\/v2\/pages\/194\/revisions"}],"predecessor-version":[{"id":916,"href":"https:\/\/ciencias.lamolina.edu.pe\/index.php?rest_route=\/wp\/v2\/pages\/194\/revisions\/916"}],"wp:attachment":[{"href":"https:\/\/ciencias.lamolina.edu.pe\/index.php?rest_route=%2Fwp%2Fv2%2Fmedia&parent=194"}],"curies":[{"name":"wp","href":"https:\/\/api.w.org\/{rel}","templated":true}]}}