{"id":182,"date":"2022-11-02T07:17:17","date_gmt":"2022-11-02T07:17:17","guid":{"rendered":"http:\/\/ciencias.lamolina.edu.pe\/?page_id=182"},"modified":"2024-10-16T14:59:13","modified_gmt":"2024-10-16T14:59:13","slug":"meteorologica-estudios","status":"publish","type":"page","link":"https:\/\/ciencias.lamolina.edu.pe\/?page_id=182","title":{"rendered":"METEOROLOGICA &#8211; Programa de Estudios"},"content":{"rendered":"<p>[et_pb_section fb_built=&#8221;1&#8243; _builder_version=&#8221;4.18.1&#8243; _module_preset=&#8221;default&#8221; custom_padding=&#8221;4px|||||&#8221; locked=&#8221;off&#8221; global_colors_info=&#8221;{}&#8221;][et_pb_row use_custom_gutter=&#8221;on&#8221; _builder_version=&#8221;4.18.1&#8243; _module_preset=&#8221;default&#8221; width=&#8221;100%&#8221; max_width=&#8221;2560px&#8221; min_height=&#8221;259px&#8221; custom_padding=&#8221;0px|||||&#8221; global_colors_info=&#8221;{}&#8221;][et_pb_column type=&#8221;4_4&#8243; _builder_version=&#8221;4.18.1&#8243; _module_preset=&#8221;default&#8221; global_colors_info=&#8221;{}&#8221;][et_pb_image src=&#8221;https:\/\/ciencias.lamolina.edu.pe\/wp-content\/uploads\/2022\/11\/c_meteorologia.jpg&#8221; title_text=&#8221;c_meteorologia&#8221; _builder_version=&#8221;4.18.1&#8243; _module_preset=&#8221;default&#8221; global_colors_info=&#8221;{}&#8221;][\/et_pb_image][\/et_pb_column][\/et_pb_row][et_pb_row use_custom_gutter=&#8221;on&#8221; gutter_width=&#8221;1&#8243; _builder_version=&#8221;4.18.1&#8243; _module_preset=&#8221;default&#8221; width=&#8221;58%&#8221; max_width=&#8221;65%&#8221; custom_margin=&#8221;30px||13px||false|false&#8221; custom_padding=&#8221;4px||4px||false|false&#8221; locked=&#8221;off&#8221; global_colors_info=&#8221;{}&#8221;][et_pb_column type=&#8221;4_4&#8243; _builder_version=&#8221;4.18.1&#8243; _module_preset=&#8221;default&#8221; global_colors_info=&#8221;{}&#8221;][et_pb_text _builder_version=&#8221;4.18.1&#8243; _module_preset=&#8221;default&#8221; text_font=&#8221;Raleway|||on|||||&#8221; text_text_color=&#8221;#0066b1&#8243; text_font_size=&#8221;28px&#8221; text_orientation=&#8221;center&#8221; module_alignment=&#8221;center&#8221; global_colors_info=&#8221;{}&#8221;]<\/p>\n<p>PROGRAMA DE ESTUDIOS<\/p>\n<p>[\/et_pb_text][et_pb_image src=&#8221;https:\/\/ciencias.lamolina.edu.pe\/wp-content\/uploads\/2022\/10\/pie1.webp&#8221; title_text=&#8221;pie1&#8243; align=&#8221;center&#8221; _builder_version=&#8221;4.18.1&#8243; _module_preset=&#8221;default&#8221; custom_margin=&#8221;2px||2px||true|false&#8221; global_colors_info=&#8221;{}&#8221;][\/et_pb_image][et_pb_text _builder_version=&#8221;4.18.1&#8243; _module_preset=&#8221;default&#8221; text_font=&#8221;Raleway||||||||&#8221; text_font_size=&#8221;16px&#8221; text_orientation=&#8221;justified&#8221; custom_margin=&#8221;43px||43px||true|false&#8221; global_colors_info=&#8221;{}&#8221;]<\/p>\n<p><strong>PROP\u00d3SITOS DEL PROGRAMA DE ESTUDIOS<\/strong><\/p>\n<p><strong><\/strong><\/p>\n<ol>\n<li style=\"text-align: justify;\">Formar profesionales altamente calificados, con conocimientos en meteorolog\u00eda y climatolog\u00eda y sus interacciones con los elementos (componentes) del sistema clim\u00e1tico.<\/li>\n<li style=\"text-align: justify;\">Formar profesionales con capacidad de gesti\u00f3n en meteorolog\u00eda y riesgos clim\u00e1ticos.<\/li>\n<li style=\"text-align: justify;\">Investigar y generar conocimiento en tecnolog\u00edas de diagn\u00f3stico, evaluaci\u00f3n y pron\u00f3stico del tiempo atmosf\u00e9rico, del clima y su relaci\u00f3n con los dem\u00e1s componentes del sistema clim\u00e1tico.<\/li>\n<li style=\"text-align: justify;\">Formar profesionales capacitados en la aplicaci\u00f3n de la meteorolog\u00eda y climatolog\u00eda para el an\u00e1lisis de riesgos asociados a eventos que afectan a las diversas actividades socioecon\u00f3micas del pa\u00eds.<\/li>\n<\/ol>\n<p>[\/et_pb_text][et_pb_button button_url=&#8221;https:\/\/ciencias.lamolina.edu.pe\/wp-content\/uploads\/2022\/11\/Malla_ing_meteorologica.pdf&#8221; url_new_window=&#8221;on&#8221; button_text=&#8221;Malla Curricular&#8221; _builder_version=&#8221;4.18.1&#8243; _module_preset=&#8221;default&#8221; custom_button=&#8221;on&#8221; button_text_color=&#8221;#FFFFFF&#8221; button_bg_color=&#8221;#1b47d6&#8243; global_colors_info=&#8221;{}&#8221;][\/et_pb_button][et_pb_button button_url=&#8221;https:\/\/ciencias.lamolina.edu.pe\/wp-content\/uploads\/2024\/10\/Plan_de_Estudios_meteorologia.pdf&#8221; url_new_window=&#8221;on&#8221; button_text=&#8221;Plan de Estudios&#8221; _builder_version=&#8221;4.19.4&#8243; _module_preset=&#8221;default&#8221; custom_button=&#8221;on&#8221; button_text_color=&#8221;#FFFFFF&#8221; button_bg_color=&#8221;#1b47d6&#8243; hover_enabled=&#8221;0&#8243; global_colors_info=&#8221;{}&#8221; sticky_enabled=&#8221;0&#8243;][\/et_pb_button][\/et_pb_column][\/et_pb_row][\/et_pb_section]<\/p>\n","protected":false},"excerpt":{"rendered":"<p>PROGRAMA DE ESTUDIOSPROP\u00d3SITOS DEL PROGRAMA DE ESTUDIOS Formar profesionales altamente calificados, con conocimientos en meteorolog\u00eda y climatolog\u00eda y sus interacciones con los elementos (componentes) del sistema clim\u00e1tico. Formar profesionales con capacidad de gesti\u00f3n en meteorolog\u00eda y riesgos clim\u00e1ticos. Investigar y generar conocimiento en tecnolog\u00edas de diagn\u00f3stico, evaluaci\u00f3n y pron\u00f3stico del tiempo atmosf\u00e9rico, del clima y [&hellip;]<\/p>\n","protected":false},"author":1,"featured_media":0,"parent":0,"menu_order":0,"comment_status":"closed","ping_status":"closed","template":"","meta":{"_et_pb_use_builder":"on","_et_pb_old_content":"","_et_gb_content_width":"","om_disable_all_campaigns":false},"_links":{"self":[{"href":"https:\/\/ciencias.lamolina.edu.pe\/index.php?rest_route=\/wp\/v2\/pages\/182"}],"collection":[{"href":"https:\/\/ciencias.lamolina.edu.pe\/index.php?rest_route=\/wp\/v2\/pages"}],"about":[{"href":"https:\/\/ciencias.lamolina.edu.pe\/index.php?rest_route=\/wp\/v2\/types\/page"}],"author":[{"embeddable":true,"href":"https:\/\/ciencias.lamolina.edu.pe\/index.php?rest_route=\/wp\/v2\/users\/1"}],"replies":[{"embeddable":true,"href":"https:\/\/ciencias.lamolina.edu.pe\/index.php?rest_route=%2Fwp%2Fv2%2Fcomments&post=182"}],"version-history":[{"count":4,"href":"https:\/\/ciencias.lamolina.edu.pe\/index.php?rest_route=\/wp\/v2\/pages\/182\/revisions"}],"predecessor-version":[{"id":853,"href":"https:\/\/ciencias.lamolina.edu.pe\/index.php?rest_route=\/wp\/v2\/pages\/182\/revisions\/853"}],"wp:attachment":[{"href":"https:\/\/ciencias.lamolina.edu.pe\/index.php?rest_route=%2Fwp%2Fv2%2Fmedia&parent=182"}],"curies":[{"name":"wp","href":"https:\/\/api.w.org\/{rel}","templated":true}]}}