{"id":178,"date":"2022-11-02T07:09:28","date_gmt":"2022-11-02T07:09:28","guid":{"rendered":"http:\/\/ciencias.lamolina.edu.pe\/?page_id=178"},"modified":"2022-11-02T07:15:15","modified_gmt":"2022-11-02T07:15:15","slug":"meteorologica-egresado","status":"publish","type":"page","link":"https:\/\/ciencias.lamolina.edu.pe\/?page_id=178","title":{"rendered":"METEOROLOGICA &#8211; Perfil del Egresado"},"content":{"rendered":"\n[et_pb_section fb_built=&#8221;1&#8243; _builder_version=&#8221;4.18.1&#8243; _module_preset=&#8221;default&#8221; custom_padding=&#8221;4px|||||&#8221; locked=&#8221;off&#8221; global_colors_info=&#8221;{}&#8221; theme_builder_area=&#8221;post_content&#8221;][et_pb_row use_custom_gutter=&#8221;on&#8221; _builder_version=&#8221;4.18.1&#8243; _module_preset=&#8221;default&#8221; width=&#8221;100%&#8221; max_width=&#8221;2560px&#8221; min_height=&#8221;259px&#8221; custom_padding=&#8221;0px|||||&#8221; global_colors_info=&#8221;{}&#8221; theme_builder_area=&#8221;post_content&#8221;][et_pb_column type=&#8221;4_4&#8243; _builder_version=&#8221;4.18.1&#8243; _module_preset=&#8221;default&#8221; global_colors_info=&#8221;{}&#8221; theme_builder_area=&#8221;post_content&#8221;][et_pb_image src=&#8221;https:\/\/ciencias.lamolina.edu.pe\/wp-content\/uploads\/2022\/11\/c_meteorologia.jpg&#8221; _builder_version=&#8221;4.18.1&#8243; _module_preset=&#8221;default&#8221; hover_enabled=&#8221;0&#8243; global_colors_info=&#8221;{}&#8221; theme_builder_area=&#8221;post_content&#8221; title_text=&#8221;c_meteorologia&#8221; sticky_enabled=&#8221;0&#8243;][\/et_pb_image][\/et_pb_column][\/et_pb_row][et_pb_row use_custom_gutter=&#8221;on&#8221; gutter_width=&#8221;1&#8243; _builder_version=&#8221;4.18.1&#8243; _module_preset=&#8221;default&#8221; width=&#8221;58%&#8221; max_width=&#8221;65%&#8221; custom_margin=&#8221;30px||13px||false|false&#8221; custom_padding=&#8221;4px||4px||false|false&#8221; locked=&#8221;off&#8221; global_colors_info=&#8221;{}&#8221; theme_builder_area=&#8221;post_content&#8221;][et_pb_column type=&#8221;4_4&#8243; _builder_version=&#8221;4.18.1&#8243; _module_preset=&#8221;default&#8221; global_colors_info=&#8221;{}&#8221; theme_builder_area=&#8221;post_content&#8221;][et_pb_text _builder_version=&#8221;4.18.1&#8243; _module_preset=&#8221;default&#8221; text_font=&#8221;Raleway|||on|||||&#8221; text_text_color=&#8221;#0066b1&#8243; text_font_size=&#8221;28px&#8221; text_orientation=&#8221;center&#8221; module_alignment=&#8221;center&#8221; global_colors_info=&#8221;{}&#8221; theme_builder_area=&#8221;post_content&#8221;]<p>PERFIL DEL EGRESADO<\/p>[\/et_pb_text][et_pb_image src=&#8221;https:\/\/ciencias.lamolina.edu.pe\/wp-content\/uploads\/2022\/10\/pie1.webp&#8221; title_text=&#8221;pie1&#8243; align=&#8221;center&#8221; _builder_version=&#8221;4.18.1&#8243; _module_preset=&#8221;default&#8221; custom_margin=&#8221;2px||2px||true|false&#8221; global_colors_info=&#8221;{}&#8221; theme_builder_area=&#8221;post_content&#8221;][\/et_pb_image][et_pb_text _builder_version=&#8221;4.18.1&#8243; _module_preset=&#8221;default&#8221; text_font=&#8221;Raleway||||||||&#8221; text_font_size=&#8221;16px&#8221; text_orientation=&#8221;justified&#8221; custom_margin=&#8221;43px||43px||true|false&#8221; hover_enabled=&#8221;0&#8243; global_colors_info=&#8221;{}&#8221; theme_builder_area=&#8221;post_content&#8221; sticky_enabled=&#8221;0&#8243;]<p style=\"text-align: justify;\"><span>El egresado de la carrera de Ingenier\u00eda Meteorol\u00f3gica y Gesti\u00f3n de Riesgos Clim\u00e1ticos de la Universidad Nacional Agraria la Molina estar\u00e1 apto para realizar la evaluaci\u00f3n de los procesos atmosf\u00e9ricos, as\u00ed como, la interpretaci\u00f3n, pron\u00f3stico y cuantificaci\u00f3n de las caracter\u00edsticas del tiempo y del clima, con el prop\u00f3sito de buscar el bienestar de la sociedad participando en la planificaci\u00f3n y optimizaci\u00f3n de la producci\u00f3n agropecuaria, industrial, transporte, confort social, turismo entre otros.<\/span><\/p>\n<p style=\"text-align: justify;\"><span>El Ingeniero Meteor\u00f3logo y Gesti\u00f3n de Riesgos Clim\u00e1ticos de la UNALM es un profesional que ha alcanzado las siguientes competencias:<\/span><\/p>\n<p style=\"text-align: justify;\"><span>1. Asesora y desempe\u00f1a funciones en empresas e instituciones de diversos rubros con conocimientos basados en la interpretaci\u00f3n, pron\u00f3stico y cuantificaci\u00f3n de las caracter\u00edsticas meteorol\u00f3gicas y clim\u00e1ticas para la toma de decisiones de sus actividades frente a los riesgos de desastres.<\/span><\/p>\n<p style=\"text-align: justify;\"><span>2. Elabora, investiga, plantea y aplica m\u00e9todos observacionales, t\u00e9cnicas estad\u00edsticas y modelos f\u00edsico-matem\u00e1ticos del comportamiento de la atm\u00f3sfera, as\u00ed como la calidad del aire con el fin de identificar las \u00e1reas y zonas vulnerables de forma oportuna en beneficio de la sociedad.<\/span><\/p>\n<p style=\"text-align: justify;\"><span>3. Desarrolla destrezas y habilidades en el dise\u00f1o, construcci\u00f3n y manejo de instrumentos meteorol\u00f3gicos manuales y autom\u00e1ticos para la vigilancia permanente de las amenazas meteorol\u00f3gicas con fundamentos t\u00e9cnicos.<\/span><\/p>\n<p style=\"text-align: justify;\"><span>4. Gestiona las alertas de los fen\u00f3menos meteorol\u00f3gicos, dirige proyectos de investigaci\u00f3n cient\u00edfica, transfiere, valida y adopta tecnolog\u00edas que apoyen la gesti\u00f3n de riesgos de desastres en las diferentes actividades socio-econ\u00f3micas.<\/span><\/p>[\/et_pb_text][\/et_pb_column][\/et_pb_row][\/et_pb_section]\n","protected":false},"excerpt":{"rendered":"<p>PERFIL DEL EGRESADOEl egresado de la carrera de Ingenier\u00eda Meteorol\u00f3gica y Gesti\u00f3n de Riesgos Clim\u00e1ticos de la Universidad Nacional Agraria la Molina estar\u00e1 apto para realizar la evaluaci\u00f3n de los procesos atmosf\u00e9ricos, as\u00ed como, la interpretaci\u00f3n, pron\u00f3stico y cuantificaci\u00f3n de las caracter\u00edsticas del tiempo y del clima, con el prop\u00f3sito de buscar el bienestar de [&hellip;]<\/p>\n","protected":false},"author":1,"featured_media":0,"parent":0,"menu_order":0,"comment_status":"closed","ping_status":"closed","template":"","meta":{"_et_pb_use_builder":"on","_et_pb_old_content":"","_et_gb_content_width":"","om_disable_all_campaigns":false},"_links":{"self":[{"href":"https:\/\/ciencias.lamolina.edu.pe\/index.php?rest_route=\/wp\/v2\/pages\/178"}],"collection":[{"href":"https:\/\/ciencias.lamolina.edu.pe\/index.php?rest_route=\/wp\/v2\/pages"}],"about":[{"href":"https:\/\/ciencias.lamolina.edu.pe\/index.php?rest_route=\/wp\/v2\/types\/page"}],"author":[{"embeddable":true,"href":"https:\/\/ciencias.lamolina.edu.pe\/index.php?rest_route=\/wp\/v2\/users\/1"}],"replies":[{"embeddable":true,"href":"https:\/\/ciencias.lamolina.edu.pe\/index.php?rest_route=%2Fwp%2Fv2%2Fcomments&post=178"}],"version-history":[{"count":3,"href":"https:\/\/ciencias.lamolina.edu.pe\/index.php?rest_route=\/wp\/v2\/pages\/178\/revisions"}],"predecessor-version":[{"id":181,"href":"https:\/\/ciencias.lamolina.edu.pe\/index.php?rest_route=\/wp\/v2\/pages\/178\/revisions\/181"}],"wp:attachment":[{"href":"https:\/\/ciencias.lamolina.edu.pe\/index.php?rest_route=%2Fwp%2Fv2%2Fmedia&parent=178"}],"curies":[{"name":"wp","href":"https:\/\/api.w.org\/{rel}","templated":true}]}}