{"id":156,"date":"2022-11-02T06:15:30","date_gmt":"2022-11-02T06:15:30","guid":{"rendered":"http:\/\/ciencias.lamolina.edu.pe\/?page_id=156"},"modified":"2022-11-02T06:22:16","modified_gmt":"2022-11-02T06:22:16","slug":"ambiental-egresado","status":"publish","type":"page","link":"https:\/\/ciencias.lamolina.edu.pe\/?page_id=156","title":{"rendered":"INGENIER\u00cdA AMBIENTAL &#8211; Perfil del Egresado"},"content":{"rendered":"<p>[et_pb_section fb_built=&#8221;1&#8243; _builder_version=&#8221;4.18.1&#8243; _module_preset=&#8221;default&#8221; custom_padding=&#8221;4px|||||&#8221; locked=&#8221;off&#8221; global_colors_info=&#8221;{}&#8221; theme_builder_area=&#8221;post_content&#8221;][et_pb_row use_custom_gutter=&#8221;on&#8221; _builder_version=&#8221;4.18.1&#8243; _module_preset=&#8221;default&#8221; width=&#8221;100%&#8221; max_width=&#8221;2560px&#8221; min_height=&#8221;259px&#8221; custom_padding=&#8221;0px|||||&#8221; global_colors_info=&#8221;{}&#8221; theme_builder_area=&#8221;post_content&#8221;][et_pb_column type=&#8221;4_4&#8243; _builder_version=&#8221;4.18.1&#8243; _module_preset=&#8221;default&#8221; global_colors_info=&#8221;{}&#8221; theme_builder_area=&#8221;post_content&#8221;][et_pb_image src=&#8221;https:\/\/ciencias.lamolina.edu.pe\/wp-content\/uploads\/2022\/11\/C_ambiental.jpg&#8221; _builder_version=&#8221;4.18.1&#8243; _module_preset=&#8221;default&#8221; hover_enabled=&#8221;0&#8243; global_colors_info=&#8221;{}&#8221; theme_builder_area=&#8221;post_content&#8221; title_text=&#8221;C_ambiental&#8221; sticky_enabled=&#8221;0&#8243;][\/et_pb_image][\/et_pb_column][\/et_pb_row][et_pb_row use_custom_gutter=&#8221;on&#8221; gutter_width=&#8221;1&#8243; _builder_version=&#8221;4.18.1&#8243; _module_preset=&#8221;default&#8221; width=&#8221;58%&#8221; max_width=&#8221;65%&#8221; custom_margin=&#8221;30px||13px||false|false&#8221; custom_padding=&#8221;4px||4px||false|false&#8221; locked=&#8221;off&#8221; global_colors_info=&#8221;{}&#8221; theme_builder_area=&#8221;post_content&#8221;][et_pb_column type=&#8221;4_4&#8243; _builder_version=&#8221;4.18.1&#8243; _module_preset=&#8221;default&#8221; global_colors_info=&#8221;{}&#8221; theme_builder_area=&#8221;post_content&#8221;][et_pb_text _builder_version=&#8221;4.18.1&#8243; _module_preset=&#8221;default&#8221; text_font=&#8221;Raleway|||on|||||&#8221; text_text_color=&#8221;#0066b1&#8243; text_font_size=&#8221;28px&#8221; text_orientation=&#8221;center&#8221; module_alignment=&#8221;center&#8221; global_colors_info=&#8221;{}&#8221; theme_builder_area=&#8221;post_content&#8221;]<\/p>\n<p>PERFIL DEL EGRESADO<\/p>\n<p>[\/et_pb_text][et_pb_image src=&#8221;https:\/\/ciencias.lamolina.edu.pe\/wp-content\/uploads\/2022\/10\/pie1.webp&#8221; title_text=&#8221;pie1&#8243; align=&#8221;center&#8221; _builder_version=&#8221;4.18.1&#8243; _module_preset=&#8221;default&#8221; custom_margin=&#8221;2px||2px||true|false&#8221; global_colors_info=&#8221;{}&#8221; theme_builder_area=&#8221;post_content&#8221;][\/et_pb_image][et_pb_text _builder_version=&#8221;4.18.1&#8243; _module_preset=&#8221;default&#8221; text_font=&#8221;Raleway||||||||&#8221; text_font_size=&#8221;16px&#8221; text_orientation=&#8221;justified&#8221; custom_margin=&#8221;43px||43px||true|false&#8221; hover_enabled=&#8221;0&#8243; global_colors_info=&#8221;{}&#8221; theme_builder_area=&#8221;post_content&#8221; sticky_enabled=&#8221;0&#8243;]<\/p>\n<p>El egresado de la carrera aplica los principios de la Ingenier\u00eda Ambiental para desarrollar soluciones a problemas ambientales complejos y mitigar los impactos humanos en el medio ambiente.<\/p>\n<p>El Ingeniero Ambiental de la UNALM posee las competencias siguientes:<\/p>\n<ul>\n<li style=\"text-align: justify;\">Capacidad innovadora en lo cient\u00edfico y tecnol\u00f3gico asociada a una s\u00f3lida base te\u00f3rica y filos\u00f3fica.<\/li>\n<li style=\"text-align: justify;\">Amplio conocimiento de las ciencias ambientales con formaci\u00f3n orientada en las ciencias b\u00e1sicas y de la ingenier\u00eda que le permita identificar, cuantificar y solucionar problemas relacionados con el ambiente.<\/li>\n<li style=\"text-align: justify;\">Capacidad de an\u00e1lisis, planificaci\u00f3n, evaluaci\u00f3n y restauraci\u00f3n ambiental, mediante la evaluaci\u00f3n del impacto que un proyecto tiene sobre el ambiente; en su dise\u00f1o, construcci\u00f3n y operaci\u00f3n, minimizando sus efectos adversos.<\/li>\n<li style=\"text-align: justify;\">Dise\u00f1a y aplica estrategias para eliminar problemas causados por actividades pasadas, como la remediaci\u00f3n de sitios contaminados.<\/li>\n<li style=\"text-align: justify;\">Capacidad gerencial para desarrollar y aplicar opciones de manejo apropiadas, as\u00ed como la comprensi\u00f3n de las relaciones de las sociedades humanas con sus h\u00e1bitats y el dise\u00f1o de m\u00e9todos para modificar las conductas hacia fines deseables.<\/li>\n<li style=\"text-align: justify;\">Planifica y dise\u00f1a equipos y procesos para el tratamiento y la eliminaci\u00f3n segura de materiales de desecho y dirige la conservaci\u00f3n y el uso racional de los recursos naturales.<\/li>\n<li style=\"text-align: justify;\">Desarrolla e implementa pol\u00edtica basada en una legislaci\u00f3n acorde con las aspiraciones de calidad de vida de la poblaci\u00f3n.<\/li>\n<li style=\"text-align: justify;\">Trabaja multidisciplinariamente, cultivando una actitud abierta, receptiva y propositiva.<\/li>\n<li style=\"text-align: justify;\">Calidad humana, la cual se manifiesta en su sensibilidad y amor a la naturaleza, as\u00ed como en su integridad personal y profesional.<\/li>\n<li style=\"text-align: justify;\">Genera investigaci\u00f3n dirigida al desarrollo de fuentes de energ\u00eda alternativas, recuperaci\u00f3n de agua, el tratamiento de residuos y el reciclaje.<\/li>\n<\/ul>\n<p>[\/et_pb_text][\/et_pb_column][\/et_pb_row][\/et_pb_section]<\/p>\n","protected":false},"excerpt":{"rendered":"<p>PERFIL DEL EGRESADOEl egresado de la carrera aplica los principios de la Ingenier\u00eda Ambiental para desarrollar soluciones a problemas ambientales complejos y mitigar los impactos humanos en el medio ambiente. El Ingeniero Ambiental de la UNALM posee las competencias siguientes: Capacidad innovadora en lo cient\u00edfico y tecnol\u00f3gico asociada a una s\u00f3lida base te\u00f3rica y filos\u00f3fica. [&hellip;]<\/p>\n","protected":false},"author":1,"featured_media":0,"parent":0,"menu_order":0,"comment_status":"closed","ping_status":"closed","template":"","meta":{"_et_pb_use_builder":"on","_et_pb_old_content":"","_et_gb_content_width":"","om_disable_all_campaigns":false},"_links":{"self":[{"href":"https:\/\/ciencias.lamolina.edu.pe\/index.php?rest_route=\/wp\/v2\/pages\/156"}],"collection":[{"href":"https:\/\/ciencias.lamolina.edu.pe\/index.php?rest_route=\/wp\/v2\/pages"}],"about":[{"href":"https:\/\/ciencias.lamolina.edu.pe\/index.php?rest_route=\/wp\/v2\/types\/page"}],"author":[{"embeddable":true,"href":"https:\/\/ciencias.lamolina.edu.pe\/index.php?rest_route=\/wp\/v2\/users\/1"}],"replies":[{"embeddable":true,"href":"https:\/\/ciencias.lamolina.edu.pe\/index.php?rest_route=%2Fwp%2Fv2%2Fcomments&post=156"}],"version-history":[{"count":2,"href":"https:\/\/ciencias.lamolina.edu.pe\/index.php?rest_route=\/wp\/v2\/pages\/156\/revisions"}],"predecessor-version":[{"id":158,"href":"https:\/\/ciencias.lamolina.edu.pe\/index.php?rest_route=\/wp\/v2\/pages\/156\/revisions\/158"}],"wp:attachment":[{"href":"https:\/\/ciencias.lamolina.edu.pe\/index.php?rest_route=%2Fwp%2Fv2%2Fmedia&parent=156"}],"curies":[{"name":"wp","href":"https:\/\/api.w.org\/{rel}","templated":true}]}}