{"id":135,"date":"2022-11-02T05:55:53","date_gmt":"2022-11-02T05:55:53","guid":{"rendered":"http:\/\/ciencias.lamolina.edu.pe\/?page_id=135"},"modified":"2025-04-14T15:17:53","modified_gmt":"2025-04-14T15:17:53","slug":"biologia-estudios","status":"publish","type":"page","link":"https:\/\/ciencias.lamolina.edu.pe\/?page_id=135","title":{"rendered":"BIOLOG\u00cdA &#8211; Programa de Estudios"},"content":{"rendered":"<p>[et_pb_section fb_built=&#8221;1&#8243; _builder_version=&#8221;4.18.1&#8243; _module_preset=&#8221;default&#8221; custom_padding=&#8221;4px|||||&#8221; locked=&#8221;off&#8221; global_colors_info=&#8221;{}&#8221;][et_pb_row use_custom_gutter=&#8221;on&#8221; _builder_version=&#8221;4.18.1&#8243; _module_preset=&#8221;default&#8221; width=&#8221;100%&#8221; max_width=&#8221;2560px&#8221; min_height=&#8221;259px&#8221; custom_padding=&#8221;0px|||||&#8221; global_colors_info=&#8221;{}&#8221;][et_pb_column type=&#8221;4_4&#8243; _builder_version=&#8221;4.18.1&#8243; _module_preset=&#8221;default&#8221; global_colors_info=&#8221;{}&#8221;][et_pb_image src=&#8221;https:\/\/ciencias.lamolina.edu.pe\/wp-content\/uploads\/2022\/11\/c_biologia-1.jpg&#8221; _builder_version=&#8221;4.18.1&#8243; _module_preset=&#8221;default&#8221; global_colors_info=&#8221;{}&#8221;][\/et_pb_image][\/et_pb_column][\/et_pb_row][et_pb_row use_custom_gutter=&#8221;on&#8221; gutter_width=&#8221;1&#8243; _builder_version=&#8221;4.18.1&#8243; _module_preset=&#8221;default&#8221; width=&#8221;58%&#8221; max_width=&#8221;65%&#8221; custom_margin=&#8221;30px||13px||false|false&#8221; custom_padding=&#8221;4px||4px||false|false&#8221; locked=&#8221;off&#8221; global_colors_info=&#8221;{}&#8221;][et_pb_column type=&#8221;4_4&#8243; _builder_version=&#8221;4.18.1&#8243; _module_preset=&#8221;default&#8221; global_colors_info=&#8221;{}&#8221;][et_pb_text _builder_version=&#8221;4.18.1&#8243; _module_preset=&#8221;default&#8221; text_font=&#8221;Raleway|||on|||||&#8221; text_text_color=&#8221;#0066b1&#8243; text_font_size=&#8221;28px&#8221; text_orientation=&#8221;center&#8221; module_alignment=&#8221;center&#8221; global_colors_info=&#8221;{}&#8221;]<\/p>\n<p>PROGRAMA DE ESTUDIOS<\/p>\n<p>[\/et_pb_text][et_pb_image src=&#8221;https:\/\/ciencias.lamolina.edu.pe\/wp-content\/uploads\/2022\/10\/pie1.webp&#8221; title_text=&#8221;pie1&#8243; align=&#8221;center&#8221; _builder_version=&#8221;4.18.1&#8243; _module_preset=&#8221;default&#8221; custom_margin=&#8221;2px||2px||true|false&#8221; global_colors_info=&#8221;{}&#8221;][\/et_pb_image][et_pb_text _builder_version=&#8221;4.19.4&#8243; _module_preset=&#8221;default&#8221; text_font=&#8221;Raleway||||||||&#8221; text_font_size=&#8221;16px&#8221; text_orientation=&#8221;justified&#8221; custom_margin=&#8221;43px||43px||true|false&#8221; hover_enabled=&#8221;0&#8243; global_colors_info=&#8221;{}&#8221; sticky_enabled=&#8221;0&#8243;]<\/p>\n<p style=\"text-align: justify;\"><strong>PROP\u00d3SITOS DEL PROGRAMA DE ESTUDIOS<\/strong><\/p>\n<p>&nbsp;<\/p>\n<p style=\"text-align: justify;\">El objetivo del plan de estudios es explicar la formaci\u00f3n acad\u00e9mica que tendr\u00e1 un estudiante admitido a la carrera de Biolog\u00eda y las \u00e1reas en las cuales puede especializarse y orientar la tesina como requisito para obtener el bachillerato y el trabajo de investigaci\u00f3n para la obtenci\u00f3n del t\u00edtulo profesional.<br \/>El dise\u00f1o curricular est\u00e1 basado en un s\u00f3lido conocimiento de los principios de la vida y de los aspectos ambientales asociados a \u00e9sta y tiene orientaciones en la formaci\u00f3n: Ecolog\u00eda y Biotecnolog\u00eda. Asimismo, est\u00e1 adaptado al desarrollo e importancia econ\u00f3mica, social y ambiental de la biotecnolog\u00eda y al enfoque ecol\u00f3gico de los procesos biol\u00f3gicos.<\/p>\n<p style=\"text-align: justify;\"><strong>CAMPO LABORAL<\/strong><\/p>\n<p>&nbsp;<\/p>\n<p style=\"text-align: justify;\">El bi\u00f3logo egresado de la Agraria La Molina podr\u00e1 desempe\u00f1arse en el \u00e1rea de biotecnolog\u00eda, en actividades de investigaci\u00f3n b\u00e1sica y aplicada. Adem\u00e1s, en la industria, aplicando y desarrollando metodolog\u00edas biotecnol\u00f3gicas. Por otro lado, estar\u00e1 igualmente capacitado para establecer su propia empresa en el campo agr\u00edcola e industrial. En el \u00e1rea de ecolog\u00eda, estar\u00e1 capacitado para realizar consultor\u00edas, desarrollando docencia e investigaci\u00f3n b\u00e1sica y aplicada de biolog\u00eda y ecolog\u00eda, as\u00ed como liderar y participar activamente en proyectos p\u00fablicos y privados de manejo de recursos naturales vivos y estudios de impacto ambiental.<\/p>\n<p>[\/et_pb_text][et_pb_button button_url=&#8221;https:\/\/ciencias.lamolina.edu.pe\/wp-content\/uploads\/2022\/11\/Malla_Curricular_Biologia.pdf&#8221; url_new_window=&#8221;on&#8221; button_text=&#8221;Malla Curricular&#8221; _builder_version=&#8221;4.19.4&#8243; _module_preset=&#8221;default&#8221; custom_button=&#8221;on&#8221; button_text_color=&#8221;#FFFFFF&#8221; button_bg_color=&#8221;#1b47d6&#8243; hover_enabled=&#8221;0&#8243; global_colors_info=&#8221;{}&#8221; sticky_enabled=&#8221;0&#8243;][\/et_pb_button][et_pb_button button_url=&#8221;https:\/\/ciencias.lamolina.edu.pe\/wp-content\/uploads\/2024\/10\/Plan_de_Estudios_Biologia.pdf&#8221; url_new_window=&#8221;on&#8221; button_text=&#8221;Plan de Estudios&#8221; _builder_version=&#8221;4.19.4&#8243; _module_preset=&#8221;default&#8221; custom_button=&#8221;on&#8221; button_text_color=&#8221;#FFFFFF&#8221; button_bg_color=&#8221;#1b47d6&#8243; global_colors_info=&#8221;{}&#8221;][\/et_pb_button][\/et_pb_column][\/et_pb_row][\/et_pb_section]<\/p>\n","protected":false},"excerpt":{"rendered":"<p>PROGRAMA DE ESTUDIOSPROP\u00d3SITOS DEL PROGRAMA DE ESTUDIOS &nbsp; El objetivo del plan de estudios es explicar la formaci\u00f3n acad\u00e9mica que tendr\u00e1 un estudiante admitido a la carrera de Biolog\u00eda y las \u00e1reas en las cuales puede especializarse y orientar la tesina como requisito para obtener el bachillerato y el trabajo de investigaci\u00f3n para la obtenci\u00f3n [&hellip;]<\/p>\n","protected":false},"author":1,"featured_media":0,"parent":0,"menu_order":0,"comment_status":"closed","ping_status":"closed","template":"","meta":{"_et_pb_use_builder":"on","_et_pb_old_content":"","_et_gb_content_width":"","om_disable_all_campaigns":false},"_links":{"self":[{"href":"https:\/\/ciencias.lamolina.edu.pe\/index.php?rest_route=\/wp\/v2\/pages\/135"}],"collection":[{"href":"https:\/\/ciencias.lamolina.edu.pe\/index.php?rest_route=\/wp\/v2\/pages"}],"about":[{"href":"https:\/\/ciencias.lamolina.edu.pe\/index.php?rest_route=\/wp\/v2\/types\/page"}],"author":[{"embeddable":true,"href":"https:\/\/ciencias.lamolina.edu.pe\/index.php?rest_route=\/wp\/v2\/users\/1"}],"replies":[{"embeddable":true,"href":"https:\/\/ciencias.lamolina.edu.pe\/index.php?rest_route=%2Fwp%2Fv2%2Fcomments&post=135"}],"version-history":[{"count":8,"href":"https:\/\/ciencias.lamolina.edu.pe\/index.php?rest_route=\/wp\/v2\/pages\/135\/revisions"}],"predecessor-version":[{"id":938,"href":"https:\/\/ciencias.lamolina.edu.pe\/index.php?rest_route=\/wp\/v2\/pages\/135\/revisions\/938"}],"wp:attachment":[{"href":"https:\/\/ciencias.lamolina.edu.pe\/index.php?rest_route=%2Fwp%2Fv2%2Fmedia&parent=135"}],"curies":[{"name":"wp","href":"https:\/\/api.w.org\/{rel}","templated":true}]}}